{"id":9348,"date":"2020-05-08T11:25:34","date_gmt":"2020-05-08T11:25:34","guid":{"rendered":"https:\/\/fundacioncodigos.org\/?page_id=9348"},"modified":"2021-03-07T03:09:47","modified_gmt":"2021-03-07T03:09:47","slug":"programa-de-tv","status":"publish","type":"page","link":"https:\/\/fundacioncodigos.org\/es\/alerta-global\/programa-de-tv\/","title":{"rendered":"Programa de TV"},"content":{"rendered":"\n\n[et_pb_section fb_built=\u00bb1&#8243; _builder_version=\u00bb4.4.5&#8243; custom_padding=\u00bb0px||0px|||\u00bb][et_pb_row _builder_version=\u00bb4.4.5&#8243; custom_padding=\u00bb0px||0px|||\u00bb][et_pb_column type=\u00bb4_4&#8243; _builder_version=\u00bb4.4.5&#8243;][et_pb_text _builder_version=\u00bb4.4.5&#8243;]<p>El investigador Luis Seguessa ha participado en estos a\u00f1os en innumerables programas de televisi\u00f3n en latinoamerica.<\/p>\n<p>Durante cinco a\u00f1os, tuvo su espacio Alerta Global en el programa Twister emitido por VTV Internacional, Canal 4 de Rosario, Argentina y TVCUN de Televisa, M\u00e9xico, transmitiendo todos sus conocimientos.<\/p>[\/et_pb_text][\/et_pb_column][\/et_pb_row][et_pb_row column_structure=\u00bb1_2,1_2&#8243; _builder_version=\u00bb4.4.7&#8243;][et_pb_column type=\u00bb1_2&#8243; _builder_version=\u00bb4.4.7&#8243;][et_pb_image src=\u00bbhttps:\/\/fundacioncodigos.org\/wp-content\/uploads\/2020\/05\/entrevista_luis_seguessa.jpg\u00bb title_text=\u00bbentrevista_luis_seguessa\u00bb align=\u00bbcenter\u00bb _builder_version=\u00bb4.4.5&#8243;][\/et_pb_image][\/et_pb_column][et_pb_column type=\u00bb1_2&#8243; _builder_version=\u00bb4.4.7&#8243;][et_pb_image src=\u00bbhttps:\/\/fundacioncodigos.org\/wp-content\/uploads\/2020\/05\/programa-tv-2.jpg\u00bb alt=\u00bbPrograma de TV\u00bb title_text=\u00bbPrograma de TV\u00bb _builder_version=\u00bb4.4.7&#8243;][\/et_pb_image][\/et_pb_column][\/et_pb_row][et_pb_row column_structure=\u00bb1_2,1_2&#8243; _builder_version=\u00bb4.4.7&#8243;][et_pb_column type=\u00bb1_2&#8243; _builder_version=\u00bb4.4.7&#8243;][et_pb_image src=\u00bbhttps:\/\/fundacioncodigos.org\/wp-content\/uploads\/2020\/05\/Mexico-prensa.jpg\u00bb alt=\u00bbM\u00e9xico Prensa\u00bb title_text=\u00bbM\u00e9xico Prensa\u00bb align=\u00bbcenter\u00bb _builder_version=\u00bb4.4.7&#8243;][\/et_pb_image][\/et_pb_column][et_pb_column type=\u00bb1_2&#8243; _builder_version=\u00bb4.4.7&#8243;][et_pb_image src=\u00bbhttps:\/\/fundacioncodigos.org\/wp-content\/uploads\/2020\/05\/sin-miedo-programa-de-tv.jpg\u00bb alt=\u00bbSi miedo &#8211; Programa de TV\u00bb title_text=\u00bbSi miedo &#8211; Programa de TV\u00bb align=\u00bbcenter\u00bb _builder_version=\u00bb4.4.7&#8243;][\/et_pb_image][\/et_pb_column][\/et_pb_row][\/et_pb_section]\n\n","protected":false},"excerpt":{"rendered":"<p>El investigador Luis Seguessa ha participado en estos a\u00f1os en innumerables programas de televisi\u00f3n en latinoamerica. Durante cinco a\u00f1os, tuvo su espacio Alerta Global en el programa Twister emitido por VTV Internacional, Canal 4 de Rosario, Argentina y TVCUN de Televisa, M\u00e9xico, transmitiendo todos sus conocimientos.<\/p>\n","protected":false},"author":5,"featured_media":10274,"parent":9074,"menu_order":4,"comment_status":"closed","ping_status":"closed","template":"","meta":{"give_campaign_id":0,"_et_pb_use_builder":"on","_et_pb_old_content":"<!-- wp:divi\/placeholder \/-->","_et_gb_content_width":"","footnotes":""},"class_list":["post-9348","page","type-page","status-publish","has-post-thumbnail","hentry"],"campaignId":"","_links":{"self":[{"href":"https:\/\/fundacioncodigos.org\/es\/wp-json\/wp\/v2\/pages\/9348","targetHints":{"allow":["GET"]}}],"collection":[{"href":"https:\/\/fundacioncodigos.org\/es\/wp-json\/wp\/v2\/pages"}],"about":[{"href":"https:\/\/fundacioncodigos.org\/es\/wp-json\/wp\/v2\/types\/page"}],"author":[{"embeddable":true,"href":"https:\/\/fundacioncodigos.org\/es\/wp-json\/wp\/v2\/users\/5"}],"replies":[{"embeddable":true,"href":"https:\/\/fundacioncodigos.org\/es\/wp-json\/wp\/v2\/comments?post=9348"}],"version-history":[{"count":6,"href":"https:\/\/fundacioncodigos.org\/es\/wp-json\/wp\/v2\/pages\/9348\/revisions"}],"predecessor-version":[{"id":10674,"href":"https:\/\/fundacioncodigos.org\/es\/wp-json\/wp\/v2\/pages\/9348\/revisions\/10674"}],"up":[{"embeddable":true,"href":"https:\/\/fundacioncodigos.org\/es\/wp-json\/wp\/v2\/pages\/9074"}],"wp:featuredmedia":[{"embeddable":true,"href":"https:\/\/fundacioncodigos.org\/es\/wp-json\/wp\/v2\/media\/10274"}],"wp:attachment":[{"href":"https:\/\/fundacioncodigos.org\/es\/wp-json\/wp\/v2\/media?parent=9348"}],"curies":[{"name":"wp","href":"https:\/\/api.w.org\/{rel}","templated":true}]}}