{"id":196,"date":"2020-04-27T18:28:46","date_gmt":"2020-04-27T18:28:46","guid":{"rendered":"https:\/\/fundacioncodigos.org\/?page_id=196"},"modified":"2021-03-09T18:27:59","modified_gmt":"2021-03-09T18:27:59","slug":"donar-ahora","status":"publish","type":"page","link":"https:\/\/fundacioncodigos.org\/es\/donar-ahora\/","title":{"rendered":"Donar ahora"},"content":{"rendered":"\n\n\n\n\n\n\n\n[et_pb_section fb_built=\u00bb1&#8243; _builder_version=\u00bb4.4.2&#8243; custom_padding=\u00bb0px||0px|||\u00bb][et_pb_row _builder_version=\u00bb4.4.2&#8243; custom_padding=\u00bb0px||0px|||\u00bb][et_pb_column type=\u00bb4_4&#8243; _builder_version=\u00bb4.4.2&#8243;][et_pb_code _builder_version=\u00bb4.4.2&#8243;]\t<div id=\"give-form-193-wrap\" class=\"give-form-wrap give-display-onpage\">\n\t\t<div id=\"give-form-content-193\" class=\"give-form-content-wrap give_pre_form-content\"><p>Puedes colaborar con nuestro trabajo, ayud\u00e1ndonos a seguir con la investigaci\u00f3n y difusi\u00f3n de las principales causas y soluciones del cambio clim\u00e1tico y calentamiento global.<\/p>\n<\/div>\t\t\t<form id=\"give-form-193-1\" class=\"give-form give-form-193 give-form-type-multi float-labels-enabled\" action=\"https:\/\/fundacioncodigos.org\/es\/wp-json\/wp\/v2\/pages\/196\/?payment-mode=paypal&form-id=193\" data-id=\"193-1\" data-currency_symbol=\"&#36;\" data-currency_code=\"USD\" data-currency_position=\"before\" data-thousands_separator=\",\" data-decimal_separator=\".\" data-number_decimals=\"2\" method=\"post\">\n\t\t\t\t<!-- The following field is for robots only, invisible to humans: -->\n\t\t\t\t<span class=\"give-hidden\" style=\"display: none !important;\">\n\t\t\t\t\t<label for=\"give-form-honeypot-193\"><\/label>\n\t\t\t\t\t<input id=\"give-form-honeypot-193\" type=\"text\" name=\"give-honeypot\"\n\t\t\t\t\t\t   class=\"give-honeypot give-hidden\"\/>\n\t\t\t\t<\/span>\n\n\t\t\t\t\t<input type=\"hidden\" name=\"give-form-id-prefix\" value=\"193-1\"\/>\n\t<input type=\"hidden\" name=\"give-form-id\" value=\"193\"\/>\n\t<input type=\"hidden\" name=\"give-form-title\" value=\"Dona a nuestra fundaci\u00f3n\"\/>\n\t<input type=\"hidden\" name=\"give-current-url\" value=\"https:\/\/fundacioncodigos.org\/es\/wp-json\/wp\/v2\/pages\/196\/\"\/>\n\t<input type=\"hidden\" name=\"give-form-url\" value=\"https:\/\/fundacioncodigos.org\/es\/wp-json\/wp\/v2\/pages\/196\/\"\/>\n\t\t\t<input type=\"hidden\" name=\"give-form-minimum\"\n\t\t\t   value=\"1.00\"\/>\n\t\t<input type=\"hidden\" name=\"give-form-maximum\"\n\t\t\t   value=\"999999.99\"\/>\n\t\t<input type=\"hidden\"  name=\"give-form-hash\" value=\"abb9e5552e\" data-time=\"1775473184\" data-nonce-life=\"86400\" data-donor-session=\"0\"\/><input type=\"hidden\" name=\"give-price-id\" value=\"0\"\/>\t\t<div class=\"give-total-wrap\">\n\t\t\t<div class=\"give-donation-amount form-row-wide\">\n\t\t\t\t<span class=\"give-currency-symbol give-currency-position-before\">&#036;<\/span>\t\t\t\t<label class=\"give-hidden\" for=\"give-amount\">Cantidad a donar:<\/label>\n\t\t\t\t<input class=\"give-text-input give-amount-top\" id=\"give-amount\" name=\"give-amount\" type=\"text\" inputmode=\"decimal\"\n\t\t\t\t\t   placeholder=\"\" value=\"5.00\" autocomplete=\"off\">\n\t\t\t\t\t\t\t<\/div>\n\t\t<\/div>\n\t\t<ul id=\"give-donation-level-button-wrap\" class=\"give-donation-levels-wrap give-list-inline\"><li><button type=\"button\" data-price-id=\"0\" class=\"give-donation-level-btn give-btn give-btn-level-0 give-default-level\" value=\"5.00\" data-default=\"1\">&#036;5.00<\/button><\/li><li><button type=\"button\" data-price-id=\"1\" class=\"give-donation-level-btn give-btn give-btn-level-1 \" value=\"10.00\" data-default=\"0\">&#036;10.00<\/button><\/li><li><button type=\"button\" data-price-id=\"2\" class=\"give-donation-level-btn give-btn give-btn-level-2 \" value=\"15.00\" data-default=\"0\">&#036;15.00<\/button><\/li><li><button type=\"button\" data-price-id=\"3\" class=\"give-donation-level-btn give-btn give-btn-level-3 \" value=\"18.00\" data-default=\"0\">&#036;18.00<\/button><\/li><li><button type=\"button\" data-price-id=\"4\" class=\"give-donation-level-btn give-btn give-btn-level-4 \" value=\"20.00\" data-default=\"0\">&#036;20.00<\/button><\/li><li><button type=\"button\" data-price-id=\"5\" class=\"give-donation-level-btn give-btn give-btn-level-5 \" value=\"50.00\" data-default=\"0\">&#036;50.00<\/button><\/li><li><button type=\"button\" data-price-id=\"6\" class=\"give-donation-level-btn give-btn give-btn-level-6 \" value=\"100.00\" data-default=\"0\">&#036;100.00<\/button><\/li><li><button type=\"button\" data-price-id=\"custom\" class=\"give-donation-level-btn give-btn give-btn-level-custom\" value=\"custom\">O puedes donar el valor que tu consideres<\/button><\/li><\/ul>\n\t<fieldset id=\"give-payment-mode-select\" style=\"display: none;\">\n\t\t\t\t<legend\n\t\t\tclass=\"give-payment-mode-label\">Seleccionar el m\u00e9todo de pago\t\t\t<span class=\"give-loading-text\"><span\n\t\t\t\t\tclass=\"give-loading-animation\"><\/span>\n\t\t\t<\/span>\n\t\t<\/legend>\n\n\t\t<div id=\"give-payment-mode-wrap\">\n\t\t\t\t\t\t<ul id=\"give-gateway-radio-list\">\n\t\t\t\t\t\t\t\t\t\t<li class=\"give-gateway-option-selected\">\n\t\t\t\t\t\t\t<input type=\"radio\" name=\"payment-mode\" class=\"give-gateway\"\n\t\t\t\t\t\t\t\t   id=\"give-gateway-paypal-193-1\"\n\t\t\t\t\t\t\t\t   value=\"paypal\" checked='checked'>\n\t\t\t\t\t\t\t<label for=\"give-gateway-paypal-193-1\"\n\t\t\t\t\t\t\t\t   class=\"give-gateway-option\"\n\t\t\t\t\t\t\t\t   id=\"give-gateway-option-paypal\"> PayPal<\/label>\n\t\t\t\t\t\t<\/li>\n\t\t\t\t\t\t\t\t\t<\/ul>\n\t\t\t\t\t<\/div>\n\t\t\t<\/fieldset>\n\n\t\n\t<div id=\"give_purchase_form_wrap\">\n\n\t\t\t<fieldset id=\"give_checkout_user_info\" class=\"give-title-prefix-wrap\">\n\t\t<legend>\n\t\t\tInformaci\u00f3n personal\t\t<\/legend>\n\n\t\t\t\t\t<p id=\"give-title-wrap\" class=\"form-row form-row-title form-row-responsive\">\n\t\t\t\t<label class=\"give-label\" for=\"give-title\">\n\t\t\t\t\tTratamiento\t\t\t\t\t\t\t\t\t\t<span class=\"give-tooltip hint--top hint--medium hint--bounce\" aria-label=\"El t\u00edtulo se usa para personalizar tu registro de donaci\u00f3n.\" rel=\"tooltip\"><i class=\"give-icon give-icon-question\"><\/i><\/span>\t\t\t\t<\/label>\n\t\t\t\t<select\n\t\t\t\t\tclass=\"give-input\"\n\t\t\t\t\ttype=\"text\"\n\t\t\t\t\tname=\"give_title\"\n\t\t\t\t\tid=\"give-title\"\n                                    >\n                                            <option\n                            value=\"Sr.\" >Sr.<\/option>\n                                            <option\n                            value=\"Sra.\" >Sra.<\/option>\n                                            <option\n                            value=\"Sta.\" >Sta.<\/option>\n                                    <\/select>\n            <\/p>\n        \n        <p id=\"give-first-name-wrap\" class=\"form-row form-row-first form-row-responsive\">\n            <label class=\"give-label\" for=\"give-first\">\n                Nombre                                    <span class=\"give-required-indicator\">*<\/span>\n                                <span class=\"give-tooltip hint--top hint--medium hint--bounce\" aria-label=\"El nombre se usa para personalizar tu registro de donaci\u00f3n.\" rel=\"tooltip\"><i class=\"give-icon give-icon-question\"><\/i><\/span>            <\/label>\n            <input\n                class=\"give-input required\"\n                type=\"text\"\n                name=\"give_first\"\n                autocomplete=\"given-name\"\n                placeholder=\"Nombre\"\n                id=\"give-first\"\n                value=\"\"\n                 required aria-required=\"true\"             \/>\n        <\/p>\n\n        <p id=\"give-last-name-wrap\" class=\"form-row form-row-last form-row-responsive\">\n            <label class=\"give-label\" for=\"give-last\">\n                Apellidos                                <span class=\"give-tooltip hint--top hint--medium hint--bounce\" aria-label=\"Los apellidos se usan para personalizar tu registro de donaci\u00f3n.\" rel=\"tooltip\"><i class=\"give-icon give-icon-question\"><\/i><\/span>            <\/label>\n\n            <input\n                class=\"give-input\"\n                type=\"text\"\n                name=\"give_last\"\n                autocomplete=\"family-name\"\n                id=\"give-last\"\n                placeholder=\"Apellidos\"\n                value=\"\"\n                            \/>\n        <\/p>\n\n        \n                <p id=\"give-email-wrap\" class=\"form-row form-row-wide\">\n            <label class=\"give-label\" for=\"give-email\">\n                Direcci\u00f3n de correo electr\u00f3nico                                    <span class=\"give-required-indicator\">*<\/span>\n                                    <span class=\"give-tooltip hint--top hint--medium hint--bounce\" aria-label=\"Enviaremos el recibo de la donaci\u00f3n a esta direcci\u00f3n.\" rel=\"tooltip\"><i class=\"give-icon give-icon-question\"><\/i><\/span>            <\/label>\n            <input\n                class=\"give-input required\"\n                type=\"email\"\n                name=\"give_email\"\n                autocomplete=\"email\"\n                placeholder=\"Direcci\u00f3n de correo electr\u00f3nico\"\n                id=\"give-email\"\n                value=\"\"\n                 required aria-required=\"true\"             \/>\n\n        <\/p>\n\n                                <p id=\"give-anonymous-donation-wrap\" class=\"form-row form-row-wide\">\n                <label class=\"give-label\" for=\"give-anonymous-donation\">\n                    <input\n                        type=\"checkbox\"\n                        class=\"give-input\"\n                        name=\"give_anonymous_donation\"\n                        id=\"give-anonymous-donation\"\n                        value=\"1\"\n                                                                    >\n                    Haz esto una donaci\u00f3n an\u00f3nima.\t\t\t\t\t<span class=\"give-tooltip hint--top hint--medium hint--bounce\" aria-label=\"\u00bfTe gustar\u00eda que tu nombre y tu imagen no se muestren p\u00fablicamente?\" rel=\"tooltip\"><i class=\"give-icon give-icon-question\"><\/i><\/span>\n\t\t\t\t<\/label>\n\t\t\t<\/p>\n\t\t\n\t\t\t\t\t<\/fieldset>\n\t\t<fieldset id=\"give_purchase_submit\" class=\"give-donation-submit\">\n\t\t\t<p id=\"give-final-total-wrap\" class=\"form-wrap \">\n\t\t\t\t<span class=\"give-donation-total-label\">\n\t\t\tTotal de la donaci\u00f3n:\t\t<\/span>\n\t\t<span class=\"give-final-total-amount\"\n\t\t\t  data-total=\"5.00\">\n\t\t\t&#36;5.00\t\t<\/span>\n\t\t\t<\/p>\n\t\t<input type=\"hidden\" name=\"give_action\" value=\"purchase\"\/>\n\t<input type=\"hidden\" name=\"give-gateway\" value=\"paypal\"\/>\n\t\t<div class=\"give-submit-button-wrap give-clearfix\">\n\t\t<input type=\"submit\" class=\"give-submit give-btn\" id=\"give-purchase-button\" name=\"give-purchase\"\n\t\t\t   value=\"Donar ahora\" data-before-validation-label=\"Donar ahora\"\/>\n\t\t<span class=\"give-loading-animation\"><\/span>\n\t<\/div>\n\t\t<\/fieldset>\n\t\n\t<\/div>\n\n\t\t\t\t<\/form>\n\n\t\t\t\n\t<\/div><!--end #give-form-193-->\n\t[\/et_pb_code][\/et_pb_column][\/et_pb_row][\/et_pb_section]\n\n\n\n\n\n\n\n","protected":false},"excerpt":{"rendered":"\t<div id=\"give-form-193-wrap\" class=\"give-form-wrap give-display-onpage\">\n\t\t<div id=\"give-form-content-193\" class=\"give-form-content-wrap give_pre_form-content\"><p>Puedes colaborar con nuestro trabajo, ayud\u00e1ndonos a seguir con la investigaci\u00f3n y difusi\u00f3n de las principales causas y soluciones del cambio clim\u00e1tico y calentamiento global.<\/p>\n<\/div>\t\t\t<form id=\"give-form-193-2\" class=\"give-form give-form-193 give-form-type-multi float-labels-enabled\" action=\"https:\/\/fundacioncodigos.org\/es\/wp-json\/wp\/v2\/pages\/196\/?payment-mode=paypal&form-id=193\" data-id=\"193-2\" data-currency_symbol=\"&#36;\" data-currency_code=\"USD\" data-currency_position=\"before\" data-thousands_separator=\",\" data-decimal_separator=\".\" data-number_decimals=\"2\" method=\"post\">\n\t\t\t\t<!-- The following field is for robots only, invisible to humans: -->\n\t\t\t\t<span class=\"give-hidden\" style=\"display: none !important;\">\n\t\t\t\t\t<label for=\"give-form-honeypot-193\"><\/label>\n\t\t\t\t\t<input id=\"give-form-honeypot-193\" type=\"text\" name=\"give-honeypot\"\n\t\t\t\t\t\t   class=\"give-honeypot give-hidden\"\/>\n\t\t\t\t<\/span>\n\n\t\t\t\t\t<input type=\"hidden\" name=\"give-form-id-prefix\" value=\"193-2\"\/>\n\t<input type=\"hidden\" name=\"give-form-id\" value=\"193\"\/>\n\t<input type=\"hidden\" name=\"give-form-title\" value=\"Dona a nuestra fundaci\u00f3n\"\/>\n\t<input type=\"hidden\" name=\"give-current-url\" value=\"https:\/\/fundacioncodigos.org\/es\/wp-json\/wp\/v2\/pages\/196\/\"\/>\n\t<input type=\"hidden\" name=\"give-form-url\" value=\"https:\/\/fundacioncodigos.org\/es\/wp-json\/wp\/v2\/pages\/196\/\"\/>\n\t\t\t<input type=\"hidden\" name=\"give-form-minimum\"\n\t\t\t   value=\"1.00\"\/>\n\t\t<input type=\"hidden\" name=\"give-form-maximum\"\n\t\t\t   value=\"999999.99\"\/>\n\t\t<input type=\"hidden\"  name=\"give-form-hash\" value=\"abb9e5552e\" data-time=\"1775473184\" data-nonce-life=\"86400\" data-donor-session=\"0\"\/><input type=\"hidden\" name=\"give-price-id\" value=\"0\"\/>\t\t<div class=\"give-total-wrap\">\n\t\t\t<div class=\"give-donation-amount form-row-wide\">\n\t\t\t\t<span class=\"give-currency-symbol give-currency-position-before\">&#036;<\/span>\t\t\t\t<label class=\"give-hidden\" for=\"give-amount\">Cantidad a donar:<\/label>\n\t\t\t\t<input class=\"give-text-input give-amount-top\" id=\"give-amount\" name=\"give-amount\" type=\"text\" inputmode=\"decimal\"\n\t\t\t\t\t   placeholder=\"\" value=\"5.00\" autocomplete=\"off\">\n\t\t\t\t\t\t\t<\/div>\n\t\t<\/div>\n\t\t<ul id=\"give-donation-level-button-wrap\" class=\"give-donation-levels-wrap give-list-inline\"><li><button type=\"button\" data-price-id=\"0\" class=\"give-donation-level-btn give-btn give-btn-level-0 give-default-level\" value=\"5.00\" data-default=\"1\">&#036;5.00<\/button><\/li><li><button type=\"button\" data-price-id=\"1\" class=\"give-donation-level-btn give-btn give-btn-level-1 \" value=\"10.00\" data-default=\"0\">&#036;10.00<\/button><\/li><li><button type=\"button\" data-price-id=\"2\" class=\"give-donation-level-btn give-btn give-btn-level-2 \" value=\"15.00\" data-default=\"0\">&#036;15.00<\/button><\/li><li><button type=\"button\" data-price-id=\"3\" class=\"give-donation-level-btn give-btn give-btn-level-3 \" value=\"18.00\" data-default=\"0\">&#036;18.00<\/button><\/li><li><button type=\"button\" data-price-id=\"4\" class=\"give-donation-level-btn give-btn give-btn-level-4 \" value=\"20.00\" data-default=\"0\">&#036;20.00<\/button><\/li><li><button type=\"button\" data-price-id=\"5\" class=\"give-donation-level-btn give-btn give-btn-level-5 \" value=\"50.00\" data-default=\"0\">&#036;50.00<\/button><\/li><li><button type=\"button\" data-price-id=\"6\" class=\"give-donation-level-btn give-btn give-btn-level-6 \" value=\"100.00\" data-default=\"0\">&#036;100.00<\/button><\/li><li><button type=\"button\" data-price-id=\"custom\" class=\"give-donation-level-btn give-btn give-btn-level-custom\" value=\"custom\">O puedes donar el valor que tu consideres<\/button><\/li><\/ul>\n\t<fieldset id=\"give-payment-mode-select\" style=\"display: none;\">\n\t\t\t\t<legend\n\t\t\tclass=\"give-payment-mode-label\">Seleccionar el m\u00e9todo de pago\t\t\t<span class=\"give-loading-text\"><span\n\t\t\t\t\tclass=\"give-loading-animation\"><\/span>\n\t\t\t<\/span>\n\t\t<\/legend>\n\n\t\t<div id=\"give-payment-mode-wrap\">\n\t\t\t\t\t\t<ul id=\"give-gateway-radio-list\">\n\t\t\t\t\t\t\t\t\t\t<li class=\"give-gateway-option-selected\">\n\t\t\t\t\t\t\t<input type=\"radio\" name=\"payment-mode\" class=\"give-gateway\"\n\t\t\t\t\t\t\t\t   id=\"give-gateway-paypal-193-2\"\n\t\t\t\t\t\t\t\t   value=\"paypal\" checked='checked'>\n\t\t\t\t\t\t\t<label for=\"give-gateway-paypal-193-2\"\n\t\t\t\t\t\t\t\t   class=\"give-gateway-option\"\n\t\t\t\t\t\t\t\t   id=\"give-gateway-option-paypal\"> PayPal<\/label>\n\t\t\t\t\t\t<\/li>\n\t\t\t\t\t\t\t\t\t<\/ul>\n\t\t\t\t\t<\/div>\n\t\t\t<\/fieldset>\n\n\t\n\t<div id=\"give_purchase_form_wrap\">\n\n\t\t\t<fieldset id=\"give_checkout_user_info\" class=\"give-title-prefix-wrap\">\n\t\t<legend>\n\t\t\tInformaci\u00f3n personal\t\t<\/legend>\n\n\t\t\t\t\t<p id=\"give-title-wrap\" class=\"form-row form-row-title form-row-responsive\">\n\t\t\t\t<label class=\"give-label\" for=\"give-title\">\n\t\t\t\t\tTratamiento\t\t\t\t\t\t\t\t\t\t<span class=\"give-tooltip hint--top hint--medium hint--bounce\" aria-label=\"El t\u00edtulo se usa para personalizar tu registro de donaci\u00f3n.\" rel=\"tooltip\"><i class=\"give-icon give-icon-question\"><\/i><\/span>\t\t\t\t<\/label>\n\t\t\t\t<select\n\t\t\t\t\tclass=\"give-input\"\n\t\t\t\t\ttype=\"text\"\n\t\t\t\t\tname=\"give_title\"\n\t\t\t\t\tid=\"give-title\"\n                                    >\n                                            <option\n                            value=\"Sr.\" >Sr.<\/option>\n                                            <option\n                            value=\"Sra.\" >Sra.<\/option>\n                                            <option\n                            value=\"Sta.\" >Sta.<\/option>\n                                    <\/select>\n            <\/p>\n        \n        <p id=\"give-first-name-wrap\" class=\"form-row form-row-first form-row-responsive\">\n            <label class=\"give-label\" for=\"give-first\">\n                Nombre                                    <span class=\"give-required-indicator\">*<\/span>\n                                <span class=\"give-tooltip hint--top hint--medium hint--bounce\" aria-label=\"El nombre se usa para personalizar tu registro de donaci\u00f3n.\" rel=\"tooltip\"><i class=\"give-icon give-icon-question\"><\/i><\/span>            <\/label>\n            <input\n                class=\"give-input required\"\n                type=\"text\"\n                name=\"give_first\"\n                autocomplete=\"given-name\"\n                placeholder=\"Nombre\"\n                id=\"give-first\"\n                value=\"\"\n                 required aria-required=\"true\"             \/>\n        <\/p>\n\n        <p id=\"give-last-name-wrap\" class=\"form-row form-row-last form-row-responsive\">\n            <label class=\"give-label\" for=\"give-last\">\n                Apellidos                                <span class=\"give-tooltip hint--top hint--medium hint--bounce\" aria-label=\"Los apellidos se usan para personalizar tu registro de donaci\u00f3n.\" rel=\"tooltip\"><i class=\"give-icon give-icon-question\"><\/i><\/span>            <\/label>\n\n            <input\n                class=\"give-input\"\n                type=\"text\"\n                name=\"give_last\"\n                autocomplete=\"family-name\"\n                id=\"give-last\"\n                placeholder=\"Apellidos\"\n                value=\"\"\n                            \/>\n        <\/p>\n\n        \n                <p id=\"give-email-wrap\" class=\"form-row form-row-wide\">\n            <label class=\"give-label\" for=\"give-email\">\n                Direcci\u00f3n de correo electr\u00f3nico                                    <span class=\"give-required-indicator\">*<\/span>\n                                    <span class=\"give-tooltip hint--top hint--medium hint--bounce\" aria-label=\"Enviaremos el recibo de la donaci\u00f3n a esta direcci\u00f3n.\" rel=\"tooltip\"><i class=\"give-icon give-icon-question\"><\/i><\/span>            <\/label>\n            <input\n                class=\"give-input required\"\n                type=\"email\"\n                name=\"give_email\"\n                autocomplete=\"email\"\n                placeholder=\"Direcci\u00f3n de correo electr\u00f3nico\"\n                id=\"give-email\"\n                value=\"\"\n                 required aria-required=\"true\"             \/>\n\n        <\/p>\n\n                                <p id=\"give-anonymous-donation-wrap\" class=\"form-row form-row-wide\">\n                <label class=\"give-label\" for=\"give-anonymous-donation\">\n                    <input\n                        type=\"checkbox\"\n                        class=\"give-input\"\n                        name=\"give_anonymous_donation\"\n                        id=\"give-anonymous-donation\"\n                        value=\"1\"\n                                                                    >\n                    Haz esto una donaci\u00f3n an\u00f3nima.\t\t\t\t\t<span class=\"give-tooltip hint--top hint--medium hint--bounce\" aria-label=\"\u00bfTe gustar\u00eda que tu nombre y tu imagen no se muestren p\u00fablicamente?\" rel=\"tooltip\"><i class=\"give-icon give-icon-question\"><\/i><\/span>\n\t\t\t\t<\/label>\n\t\t\t<\/p>\n\t\t\n\t\t\t\t\t<\/fieldset>\n\t\t<fieldset id=\"give_purchase_submit\" class=\"give-donation-submit\">\n\t\t\t<p id=\"give-final-total-wrap\" class=\"form-wrap \">\n\t\t\t\t<span class=\"give-donation-total-label\">\n\t\t\tTotal de la donaci\u00f3n:\t\t<\/span>\n\t\t<span class=\"give-final-total-amount\"\n\t\t\t  data-total=\"5.00\">\n\t\t\t&#36;5.00\t\t<\/span>\n\t\t\t<\/p>\n\t\t<input type=\"hidden\" name=\"give_action\" value=\"purchase\"\/>\n\t<input type=\"hidden\" name=\"give-gateway\" value=\"paypal\"\/>\n\t\t<div class=\"give-submit-button-wrap give-clearfix\">\n\t\t<input type=\"submit\" class=\"give-submit give-btn\" id=\"give-purchase-button\" name=\"give-purchase\"\n\t\t\t   value=\"Donar ahora\" data-before-validation-label=\"Donar ahora\"\/>\n\t\t<span class=\"give-loading-animation\"><\/span>\n\t<\/div>\n\t\t<\/fieldset>\n\t\n\t<\/div>\n\n\t\t\t\t<\/form>\n\n\t\t\t\n\t<\/div><!--end #give-form-193-->\n\t\n","protected":false},"author":5,"featured_media":10727,"parent":0,"menu_order":0,"comment_status":"closed","ping_status":"closed","template":"","meta":{"give_campaign_id":0,"_et_pb_use_builder":"on","_et_pb_old_content":"","_et_gb_content_width":"","footnotes":""},"class_list":["post-196","page","type-page","status-publish","has-post-thumbnail","hentry"],"campaignId":"","_links":{"self":[{"href":"https:\/\/fundacioncodigos.org\/es\/wp-json\/wp\/v2\/pages\/196","targetHints":{"allow":["GET"]}}],"collection":[{"href":"https:\/\/fundacioncodigos.org\/es\/wp-json\/wp\/v2\/pages"}],"about":[{"href":"https:\/\/fundacioncodigos.org\/es\/wp-json\/wp\/v2\/types\/page"}],"author":[{"embeddable":true,"href":"https:\/\/fundacioncodigos.org\/es\/wp-json\/wp\/v2\/users\/5"}],"replies":[{"embeddable":true,"href":"https:\/\/fundacioncodigos.org\/es\/wp-json\/wp\/v2\/comments?post=196"}],"version-history":[{"count":1,"href":"https:\/\/fundacioncodigos.org\/es\/wp-json\/wp\/v2\/pages\/196\/revisions"}],"predecessor-version":[{"id":10678,"href":"https:\/\/fundacioncodigos.org\/es\/wp-json\/wp\/v2\/pages\/196\/revisions\/10678"}],"wp:featuredmedia":[{"embeddable":true,"href":"https:\/\/fundacioncodigos.org\/es\/wp-json\/wp\/v2\/media\/10727"}],"wp:attachment":[{"href":"https:\/\/fundacioncodigos.org\/es\/wp-json\/wp\/v2\/media?parent=196"}],"curies":[{"name":"wp","href":"https:\/\/api.w.org\/{rel}","templated":true}]}}