{"id":191,"date":"2020-04-27T18:21:48","date_gmt":"2020-04-27T18:21:48","guid":{"rendered":"https:\/\/fundacioncodigos.org\/donacion-fallida\/"},"modified":"2020-04-27T18:21:48","modified_gmt":"2020-04-27T18:21:48","slug":"donacion-fallida","status":"publish","type":"page","link":"https:\/\/fundacioncodigos.org\/es\/donacion-fallida\/","title":{"rendered":"Donaci\u00f3n fallida"},"content":{"rendered":"<p>Lo sentimos, tu donaci\u00f3n ha fallado al procesarse. Por favor, int\u00e9ntalo de nuevo o contacta con el soporte del sitio.<\/p>\n","protected":false},"excerpt":{"rendered":"<p>Lo sentimos, tu donaci\u00f3n ha fallado al procesarse. Por favor, int\u00e9ntalo de nuevo o contacta con el soporte del sitio.<\/p>\n","protected":false},"author":5,"featured_media":0,"parent":0,"menu_order":0,"comment_status":"closed","ping_status":"closed","template":"","meta":{"give_campaign_id":0,"_et_pb_use_builder":"","_et_pb_old_content":"","_et_gb_content_width":"","footnotes":""},"class_list":["post-191","page","type-page","status-publish","hentry"],"campaignId":"","_links":{"self":[{"href":"https:\/\/fundacioncodigos.org\/es\/wp-json\/wp\/v2\/pages\/191","targetHints":{"allow":["GET"]}}],"collection":[{"href":"https:\/\/fundacioncodigos.org\/es\/wp-json\/wp\/v2\/pages"}],"about":[{"href":"https:\/\/fundacioncodigos.org\/es\/wp-json\/wp\/v2\/types\/page"}],"author":[{"embeddable":true,"href":"https:\/\/fundacioncodigos.org\/es\/wp-json\/wp\/v2\/users\/5"}],"replies":[{"embeddable":true,"href":"https:\/\/fundacioncodigos.org\/es\/wp-json\/wp\/v2\/comments?post=191"}],"version-history":[{"count":0,"href":"https:\/\/fundacioncodigos.org\/es\/wp-json\/wp\/v2\/pages\/191\/revisions"}],"wp:attachment":[{"href":"https:\/\/fundacioncodigos.org\/es\/wp-json\/wp\/v2\/media?parent=191"}],"curies":[{"name":"wp","href":"https:\/\/api.w.org\/{rel}","templated":true}]}}