{"id":178,"date":"2020-04-15T21:35:09","date_gmt":"2020-04-15T21:35:09","guid":{"rendered":"https:\/\/fundacioncodigos.org\/?page_id=178"},"modified":"2021-03-07T03:31:49","modified_gmt":"2021-03-07T03:31:49","slug":"se-parte","status":"publish","type":"page","link":"https:\/\/fundacioncodigos.org\/es\/se-parte\/","title":{"rendered":"\u00a1S\u00e9 parte!"},"content":{"rendered":"\n\n\n\n[et_pb_section fb_built=\u00bb1&#8243; _builder_version=\u00bb4.4.2&#8243; custom_padding=\u00bb0px|||||\u00bb][et_pb_row column_structure=\u00bb3_5,2_5&#8243; _builder_version=\u00bb4.4.2&#8243; custom_padding=\u00bb0px||0px|||\u00bb][et_pb_column type=\u00bb3_5&#8243; _builder_version=\u00bb4.4.2&#8243;][et_pb_text _builder_version=\u00bb4.6.1&#8243;]<h2>S\u00e9 promotor<\/h2>\n<p>S\u00e9 parte del equipo de la Fundaci\u00f3n y promotor de este gran movimiento en tu comunidad, ciudad o pa\u00eds.<\/p>\n<p><strong>Completa el formulario<\/strong> y cu\u00e9ntanos de qu\u00e9 tiempo dispones y en qu\u00e9 podr\u00edas ayudar. Nosotros nos pondremos en contacto contigo.<\/p>\n<p>Si tenes alguna idea de acci\u00f3n, evento \u00f3 campa\u00f1a, no dejes de escribirnos.<\/p>\n<p>Tambien podemos coordinar para que seas Anfitrion de una conferencia de Alerta Global en la ciudad en donde vives.<\/p>\n<p>\u00a1Todos somos el Medio Ambiente, y entre todos podemos salvarlo!<\/p>\n<p>&nbsp;<\/p>\n<h2>S\u00e9 un blog solidario<\/h2>\n<p>En tu secci\u00f3n de links agrega <a href=\"https:\/\/fundacioncodigos.org\" target=\"_blank\" rel=\"noopener noreferrer\">https:\/\/fundacioncodigos.org<\/a>\u00a0<\/p>\n<p>Difunde nuestras noticias y campa\u00f1as en tu blog. Es importante que m\u00e1s gente se entere de este importante mensaje!<\/p>\n<p>En cuanto lo hagas, te pedimos de favor que nos env\u00edes el formulario con tus datos para agradecerte en nuestro programa radial que hoy se emite en 16 pa\u00edses del globo.\u00a0<\/p>[\/et_pb_text][\/et_pb_column][et_pb_column type=\u00bb2_5&#8243; _builder_version=\u00bb4.4.2&#8243;][et_pb_contact_form email=\u00bbfundacioncodigos@gmail.com\u00bb title=\u00bbD\u00e9janos tus datos\u00bb custom_message=\u00bbUna persona ha diligenciado los datos del formulario en la p\u00e1gina %22S\u00e9 parte%22 de la web de Fundaci\u00f3n C\u00f3digos. Los datos del formulario son:||et_pb_line_break_holder||||et_pb_line_break_holder||Nombres y apellidos: %%Name%%||et_pb_line_break_holder||Email: %%Email%%||et_pb_line_break_holder||Participaci\u00f3n: %%participacion%%||et_pb_line_break_holder||Mensaje: %%Message%%\u00bb success_message=\u00bb\u00a1Hemos recibido tus datos con \u00e9xito! Pronto nos comunicaremos.\u00bb submit_button_text=\u00bbEnviar\u00bb _builder_version=\u00bb4.9.1&#8243; title_text_color=\u00bb#ffffff\u00bb captcha_text_color=\u00bb#ffffff\u00bb background_color=\u00bb#000000&#8243; custom_padding=\u00bb50px|50px|50px|50px|false|false\u00bb hover_enabled=\u00bb0&#8243; sticky_enabled=\u00bb0&#8243; captcha=\u00bboff\u00bb box_shadow_style=\u00bbpreset2&#8243;][et_pb_contact_field field_id=\u00bbName\u00bb field_title=\u00bbNombres y apellidos\u00bb fullwidth_field=\u00bbon\u00bb _builder_version=\u00bb4.4.2&#8243; button_text_size__hover_enabled=\u00bboff\u00bb button_one_text_size__hover_enabled=\u00bboff\u00bb button_two_text_size__hover_enabled=\u00bboff\u00bb button_text_color__hover_enabled=\u00bboff\u00bb button_one_text_color__hover_enabled=\u00bboff\u00bb button_two_text_color__hover_enabled=\u00bboff\u00bb button_border_width__hover_enabled=\u00bboff\u00bb button_one_border_width__hover_enabled=\u00bboff\u00bb button_two_border_width__hover_enabled=\u00bboff\u00bb button_border_color__hover_enabled=\u00bboff\u00bb button_one_border_color__hover_enabled=\u00bboff\u00bb button_two_border_color__hover_enabled=\u00bboff\u00bb button_border_radius__hover_enabled=\u00bboff\u00bb button_one_border_radius__hover_enabled=\u00bboff\u00bb button_two_border_radius__hover_enabled=\u00bboff\u00bb button_letter_spacing__hover_enabled=\u00bboff\u00bb button_one_letter_spacing__hover_enabled=\u00bboff\u00bb button_two_letter_spacing__hover_enabled=\u00bboff\u00bb button_bg_color__hover_enabled=\u00bboff\u00bb button_one_bg_color__hover_enabled=\u00bboff\u00bb button_two_bg_color__hover_enabled=\u00bboff\u00bb][\/et_pb_contact_field][et_pb_contact_field field_id=\u00bbEmail\u00bb field_title=\u00bbDirecci\u00f3n de correo electr\u00f3nico\u00bb field_type=\u00bbemail\u00bb fullwidth_field=\u00bbon\u00bb _builder_version=\u00bb4.4.2&#8243; button_text_size__hover_enabled=\u00bboff\u00bb button_one_text_size__hover_enabled=\u00bboff\u00bb button_two_text_size__hover_enabled=\u00bboff\u00bb button_text_color__hover_enabled=\u00bboff\u00bb button_one_text_color__hover_enabled=\u00bboff\u00bb button_two_text_color__hover_enabled=\u00bboff\u00bb button_border_width__hover_enabled=\u00bboff\u00bb button_one_border_width__hover_enabled=\u00bboff\u00bb button_two_border_width__hover_enabled=\u00bboff\u00bb button_border_color__hover_enabled=\u00bboff\u00bb button_one_border_color__hover_enabled=\u00bboff\u00bb button_two_border_color__hover_enabled=\u00bboff\u00bb button_border_radius__hover_enabled=\u00bboff\u00bb button_one_border_radius__hover_enabled=\u00bboff\u00bb button_two_border_radius__hover_enabled=\u00bboff\u00bb button_letter_spacing__hover_enabled=\u00bboff\u00bb button_one_letter_spacing__hover_enabled=\u00bboff\u00bb button_two_letter_spacing__hover_enabled=\u00bboff\u00bb button_bg_color__hover_enabled=\u00bboff\u00bb button_one_bg_color__hover_enabled=\u00bboff\u00bb button_two_bg_color__hover_enabled=\u00bboff\u00bb][\/et_pb_contact_field][et_pb_contact_field field_id=\u00bbparticipacion\u00bb field_title=\u00bbC\u00f3mo quieres participar\u00bb field_type=\u00bbselect\u00bb select_options=\u00bb%91{%22value%22:%22S\u00e9 promotor%22,%22checked%22:0,%22dragID%22:-1},{%22value%22:%22S\u00e9 un blog solidario%22,%22checked%22:0,%22dragID%22:0}%93&#8243; fullwidth_field=\u00bbon\u00bb _builder_version=\u00bb4.4.2&#8243;][\/et_pb_contact_field][et_pb_contact_field field_id=\u00bbMessage\u00bb field_title=\u00bbMensaje\u00bb field_type=\u00bbtext\u00bb fullwidth_field=\u00bbon\u00bb _builder_version=\u00bb3.16&#8243; button_text_size__hover_enabled=\u00bboff\u00bb button_one_text_size__hover_enabled=\u00bboff\u00bb button_two_text_size__hover_enabled=\u00bboff\u00bb button_text_color__hover_enabled=\u00bboff\u00bb button_one_text_color__hover_enabled=\u00bboff\u00bb button_two_text_color__hover_enabled=\u00bboff\u00bb button_border_width__hover_enabled=\u00bboff\u00bb button_one_border_width__hover_enabled=\u00bboff\u00bb button_two_border_width__hover_enabled=\u00bboff\u00bb button_border_color__hover_enabled=\u00bboff\u00bb button_one_border_color__hover_enabled=\u00bboff\u00bb button_two_border_color__hover_enabled=\u00bboff\u00bb button_border_radius__hover_enabled=\u00bboff\u00bb button_one_border_radius__hover_enabled=\u00bboff\u00bb button_two_border_radius__hover_enabled=\u00bboff\u00bb button_letter_spacing__hover_enabled=\u00bboff\u00bb button_one_letter_spacing__hover_enabled=\u00bboff\u00bb button_two_letter_spacing__hover_enabled=\u00bboff\u00bb button_bg_color__hover_enabled=\u00bboff\u00bb button_one_bg_color__hover_enabled=\u00bboff\u00bb button_two_bg_color__hover_enabled=\u00bboff\u00bb][\/et_pb_contact_field][\/et_pb_contact_form][\/et_pb_column][\/et_pb_row][\/et_pb_section][et_pb_section fb_built=\u00bb1&#8243; _builder_version=\u00bb4.4.2&#8243; background_color=\u00bb#000000&#8243;][et_pb_row _builder_version=\u00bb4.4.2&#8243; custom_padding=\u00bb0px||0px|||\u00bb][et_pb_column type=\u00bb4_4&#8243; _builder_version=\u00bb4.4.2&#8243;][et_pb_cta title=\u00bbUnite a nuestro grupo en Facebook\u00bb button_url=\u00bbhttps:\/\/www.facebook.com\/Fundaci%C3%B3n-C%C3%B3digos-143633745647061\/\u00bb url_new_window=\u00bbon\u00bb button_text=\u00bb\u00danete aqu\u00ed\u00bb _builder_version=\u00bb4.4.2&#8243; background_color=\u00bbrgba(0,0,0,0)\u00bb custom_padding=\u00bb40px|||||\u00bb]De esta manera estar\u00e1s informado y podr\u00e1s relacionarte con personas de todo el mundo que comparten las mismas preocupaciones por el futuro del planeta. \u00a1La Red de la Fundaci\u00f3n C\u00f3digos est\u00e1 en marcha, contamos contigo![\/et_pb_cta][\/et_pb_column][\/et_pb_row][\/et_pb_section]\n\n\n\n","protected":false},"excerpt":{"rendered":"<p>S\u00e9 promotor S\u00e9 parte del equipo de la Fundaci\u00f3n y promotor de este gran movimiento en tu comunidad, ciudad o pa\u00eds. Completa el formulario y cu\u00e9ntanos de qu\u00e9 tiempo dispones y en qu\u00e9 podr\u00edas ayudar. Nosotros nos pondremos en contacto contigo. Si tenes alguna idea de acci\u00f3n, evento \u00f3 campa\u00f1a, no dejes de escribirnos. Tambien [&hellip;]<\/p>\n","protected":false},"author":5,"featured_media":10684,"parent":0,"menu_order":0,"comment_status":"closed","ping_status":"closed","template":"","meta":{"give_campaign_id":0,"_et_pb_use_builder":"on","_et_pb_old_content":"","_et_gb_content_width":"","footnotes":""},"class_list":["post-178","page","type-page","status-publish","has-post-thumbnail","hentry"],"campaignId":"","_links":{"self":[{"href":"https:\/\/fundacioncodigos.org\/es\/wp-json\/wp\/v2\/pages\/178","targetHints":{"allow":["GET"]}}],"collection":[{"href":"https:\/\/fundacioncodigos.org\/es\/wp-json\/wp\/v2\/pages"}],"about":[{"href":"https:\/\/fundacioncodigos.org\/es\/wp-json\/wp\/v2\/types\/page"}],"author":[{"embeddable":true,"href":"https:\/\/fundacioncodigos.org\/es\/wp-json\/wp\/v2\/users\/5"}],"replies":[{"embeddable":true,"href":"https:\/\/fundacioncodigos.org\/es\/wp-json\/wp\/v2\/comments?post=178"}],"version-history":[{"count":12,"href":"https:\/\/fundacioncodigos.org\/es\/wp-json\/wp\/v2\/pages\/178\/revisions"}],"predecessor-version":[{"id":10656,"href":"https:\/\/fundacioncodigos.org\/es\/wp-json\/wp\/v2\/pages\/178\/revisions\/10656"}],"wp:featuredmedia":[{"embeddable":true,"href":"https:\/\/fundacioncodigos.org\/es\/wp-json\/wp\/v2\/media\/10684"}],"wp:attachment":[{"href":"https:\/\/fundacioncodigos.org\/es\/wp-json\/wp\/v2\/media?parent=178"}],"curies":[{"name":"wp","href":"https:\/\/api.w.org\/{rel}","templated":true}]}}