{"id":10565,"date":"2021-02-03T23:19:34","date_gmt":"2021-02-03T23:19:34","guid":{"rendered":"https:\/\/fundacioncodigos.org\/?page_id=10565"},"modified":"2021-03-07T02:36:36","modified_gmt":"2021-03-07T02:36:36","slug":"about-us","status":"publish","type":"page","link":"https:\/\/fundacioncodigos.org\/es\/about-us\/","title":{"rendered":"Fundaci\u00f3n C\u00f3digos"},"content":{"rendered":"<p>[et_pb_section fb_built=\u00bb1&#8243; _builder_version=\u00bb4.4.2&#8243; custom_padding=\u00bb0px||0px|||\u00bb][et_pb_row column_structure=\u00bb1_2,1_2&#8243; _builder_version=\u00bb4.4.2&#8243; max_width=\u00bb80%\u00bb custom_padding=\u00bb0px||0px|||\u00bb][et_pb_column type=\u00bb1_2&#8243; _builder_version=\u00bb4.4.2&#8243; custom_padding=\u00bb150px||||false|false\u00bb custom_padding_tablet=\u00bb\u00bb custom_padding_phone=\u00bb0px||||false|false\u00bb custom_padding_last_edited=\u00bbon|phone\u00bb][et_pb_text _builder_version=\u00bb4.4.2&#8243; header_2_font_size_tablet=\u00bb\u00bb header_2_font_size_phone=\u00bb25px\u00bb header_2_font_size_last_edited=\u00bbon|phone\u00bb]<\/p>\n<h2>\u201cNuestros hijos y nietos tienen derecho a vivir en un mundo como el que nosotros recibimos\u201d<\/h2>\n<p><em>Luis Seguessa, Investigador y Presidente de Fundaci\u00f3n C\u00f3digos<\/em><\/p>\n<p>[\/et_pb_text][\/et_pb_column][et_pb_column type=\u00bb1_2&#8243; _builder_version=\u00bb4.4.2&#8243;][et_pb_image src=\u00bbhttps:\/\/fundacioncodigos.org\/wp-content\/uploads\/2020\/04\/quienes-somos-fundacion-codigos.jpg\u00bb alt=\u00bbNuestros hijos y nietos tienen derecho a vivir en un mundo como el que nosotros recibimos\u00bb title_text=\u00bbNuestros hijos y nietos tienen derecho a vivir en un mundo como el que nosotros recibimos\u00bb align_tablet=\u00bb\u00bb align_phone=\u00bbcenter\u00bb align_last_edited=\u00bbon|phone\u00bb _builder_version=\u00bb4.6.1&#8243; box_shadow_style=\u00bbpreset3&#8243; box_shadow_vertical=\u00bb19px\u00bb box_shadow_horizontal_tablet=\u00bb\u00bb box_shadow_horizontal_phone=\u00bb19px\u00bb box_shadow_horizontal_last_edited=\u00bbon|desktop\u00bb][\/et_pb_image][\/et_pb_column][\/et_pb_row][et_pb_row _builder_version=\u00bb4.4.2&#8243;][et_pb_column type=\u00bb4_4&#8243; _builder_version=\u00bb4.4.2&#8243;][et_pb_text _builder_version=\u00bb4.4.2&#8243;]<\/p>\n<p>La fundaci\u00f3n C\u00f3digos naci\u00f3 en la ciudad de Punta del Este, Uruguay, por iniciativa del investigador Luis Seguessa y de un grupo de profesionales con el fin de dar a conocer la principal causa del cambio clim\u00e1tico y su soluci\u00f3n.<\/p>\n<p>Luis Seguessa posee m\u00e1s de 30 a\u00f1os de estudio sobre las causas y consecuencias de los fen\u00f3menos clim\u00e1ticos habiendo realizado numerosas investigaciones sobre la capa de ozono, la magnetosfera, el derretimiento de los polos, el hidrato de metano, etc. dentro de los campos de estudio de la f\u00edsica y la ingenier\u00eda mec\u00e1nica. Tambi\u00e9n se ha especializado en la investigaci\u00f3n del contenido b\u00edblico y en su decodificaci\u00f3n, presentando asombrosos hallazgos comparativos.<\/p>\n<p>El 15 de enero de 2008, Seguessa comenz\u00f3 en San Pablo, Brasil con un ciclo de conferencias internacionales con el fin de concientizar a la humanidad sobre el grave problema que nos aqueja y lograr que m\u00e1s personas de todos los continentes se sumen a esta iniciativa a favor de un cambio tecnol\u00f3gico y de conciencia.<\/p>\n<p>[\/et_pb_text][\/et_pb_column][\/et_pb_row][\/et_pb_section][et_pb_section fb_built=\u00bb1&#8243; _builder_version=\u00bb4.4.2&#8243; background_color=\u00bb#6FA456&#8243; width=\u00bb100%\u00bb max_width=\u00bb100%\u00bb][et_pb_row column_structure=\u00bb1_2,1_2&#8243; _builder_version=\u00bb4.4.2&#8243; custom_padding=\u00bb0px||0px|||\u00bb][et_pb_column type=\u00bb1_2&#8243; _builder_version=\u00bb4.4.2&#8243;][et_pb_blurb title=\u00bbMisi\u00f3n\u00bb use_icon=\u00bbon\u00bb _builder_version=\u00bb4.4.2&#8243; header_level=\u00bbh2&#8243; background_layout=\u00bbdark\u00bb]Investigar, informar y difundir las verdaderas causas del cambio clim\u00e1tico y su soluci\u00f3n, promoviendo el cambio tecnol\u00f3gico, la educaci\u00f3n medio ambiental, la investigaci\u00f3n y un cambio de conciencia en el mundo.[\/et_pb_blurb][\/et_pb_column][et_pb_column type=\u00bb1_2&#8243; _builder_version=\u00bb4.4.2&#8243;][et_pb_blurb title=\u00bbValores\u00bb use_icon=\u00bbon\u00bb _builder_version=\u00bb4.4.2&#8243; header_level=\u00bbh2&#8243; background_layout=\u00bbdark\u00bb]<\/p>\n<p><strong>Compromiso:<\/strong> Nuestro compromiso es con la <strong>vida<\/strong>.<br \/> <strong>Amor:<\/strong> El que ama de verdad no hace da\u00f1o, por eso proponemos un cambio de conciencia.<br \/> <strong>Fe:<\/strong> Creemos profundamente en el Creador y en su obra.<br \/> <strong>C\u00f3operaci\u00f3n:<\/strong> Sabemos que la soluci\u00f3n s\u00f3lo la lograremos entre todos.<\/p>\n<p>[\/et_pb_blurb][\/et_pb_column][\/et_pb_row][\/et_pb_section][et_pb_section fb_built=\u00bb1&#8243; _builder_version=\u00bb4.6.1&#8243; custom_padding=\u00bb80px||0px||false|false\u00bb][et_pb_row column_structure=\u00bb1_2,1_2&#8243; _builder_version=\u00bb4.4.2&#8243; custom_padding=\u00bb0px||0px|||\u00bb][et_pb_column type=\u00bb1_2&#8243; _builder_version=\u00bb4.4.2&#8243; custom_padding=\u00bb100px|||10%|false|false\u00bb custom_padding_tablet=\u00bb\u00bb custom_padding_phone=\u00bb50px|||5%|false|false\u00bb custom_padding_last_edited=\u00bbon|phone\u00bb][et_pb_text _builder_version=\u00bb4.4.2&#8243;]<\/p>\n<h2>Nuestros Objetivos:<\/h2>\n<ul>\n<li>Advertir sobre las principales causas del cambio clim\u00e1tico.<\/li>\n<li>Alertar sobre el ox\u00edgeno como recurso vital y FINITO.<\/li>\n<li>Crear una r\u00e1pida conciencia ecol\u00f3gica para evitar la inminente autodestrucci\u00f3n global.<\/li>\n<li>Propagar el mensaje por todo el mundo con la mayor rapidez y efectividad posible.<\/li>\n<li>Mostrar la soluci\u00f3n para frenar el cambio clim\u00e1tico.<\/li>\n<li>Incrementar las zonas verdes del planeta.<\/li>\n<li>Fomentar la producci\u00f3n de motores combustion 0.<\/li>\n<li>Luchar por el derecho a vivir en un mundo mejor.<\/li>\n<\/ul>\n<p>[\/et_pb_text][\/et_pb_column][et_pb_column type=\u00bb1_2&#8243; _builder_version=\u00bb4.4.2&#8243;][et_pb_image src=\u00bbhttps:\/\/fundacioncodigos.org\/wp-content\/uploads\/2020\/04\/objetivos-de-la-fundacion-codigos.jpg\u00bb align=\u00bbright\u00bb _builder_version=\u00bb4.4.2&#8243; box_shadow_style=\u00bbpreset2&#8243; box_shadow_vertical=\u00bb-10px\u00bb box_shadow_color=\u00bbrgba(0,0,0,0.37)\u00bb][\/et_pb_image][\/et_pb_column][\/et_pb_row][\/et_pb_section]<\/p>\n","protected":false},"excerpt":{"rendered":"<p>\u201cNuestros hijos y nietos tienen derecho a vivir en un mundo como el que nosotros recibimos\u201d Luis Seguessa, Investigador y Presidente de Fundaci\u00f3n C\u00f3digosLa fundaci\u00f3n C\u00f3digos naci\u00f3 en la ciudad de Punta del Este, Uruguay, por iniciativa del investigador Luis Seguessa y de un grupo de profesionales con el fin de dar a conocer la [&hellip;]<\/p>\n","protected":false},"author":7,"featured_media":85,"parent":0,"menu_order":0,"comment_status":"closed","ping_status":"closed","template":"","meta":{"give_campaign_id":0,"_et_pb_use_builder":"on","_et_pb_old_content":"<!-- wp:divi\/placeholder \/-->","_et_gb_content_width":"","footnotes":""},"class_list":["post-10565","page","type-page","status-publish","has-post-thumbnail","hentry"],"campaignId":"","_links":{"self":[{"href":"https:\/\/fundacioncodigos.org\/es\/wp-json\/wp\/v2\/pages\/10565","targetHints":{"allow":["GET"]}}],"collection":[{"href":"https:\/\/fundacioncodigos.org\/es\/wp-json\/wp\/v2\/pages"}],"about":[{"href":"https:\/\/fundacioncodigos.org\/es\/wp-json\/wp\/v2\/types\/page"}],"author":[{"embeddable":true,"href":"https:\/\/fundacioncodigos.org\/es\/wp-json\/wp\/v2\/users\/7"}],"replies":[{"embeddable":true,"href":"https:\/\/fundacioncodigos.org\/es\/wp-json\/wp\/v2\/comments?post=10565"}],"version-history":[{"count":2,"href":"https:\/\/fundacioncodigos.org\/es\/wp-json\/wp\/v2\/pages\/10565\/revisions"}],"predecessor-version":[{"id":10651,"href":"https:\/\/fundacioncodigos.org\/es\/wp-json\/wp\/v2\/pages\/10565\/revisions\/10651"}],"wp:featuredmedia":[{"embeddable":true,"href":"https:\/\/fundacioncodigos.org\/es\/wp-json\/wp\/v2\/media\/85"}],"wp:attachment":[{"href":"https:\/\/fundacioncodigos.org\/es\/wp-json\/wp\/v2\/media?parent=10565"}],"curies":[{"name":"wp","href":"https:\/\/api.w.org\/{rel}","templated":true}]}}