{"id":10523,"date":"2021-01-21T12:17:22","date_gmt":"2021-01-21T12:17:22","guid":{"rendered":"https:\/\/fundacioncodigos.org\/?page_id=10523"},"modified":"2024-12-10T19:42:46","modified_gmt":"2024-12-10T19:42:46","slug":"blog","status":"publish","type":"page","link":"https:\/\/fundacioncodigos.org\/es\/blog\/","title":{"rendered":"Blog"},"content":{"rendered":"<p>[et_pb_section fb_built=\u00bb1&#8243; _builder_version=\u00bb4.16&#8243; _module_preset=\u00bbdefault\u00bb global_colors_info=\u00bb{}\u00bb theme_builder_area=\u00bbpost_content\u00bb][et_pb_row _builder_version=\u00bb4.16&#8243; _module_preset=\u00bbdefault\u00bb custom_padding=\u00bb0px||0px|||\u00bb global_colors_info=\u00bb{}\u00bb theme_builder_area=\u00bbpost_content\u00bb][et_pb_column type=\u00bb4_4&#8243; _builder_version=\u00bb4.16&#8243; _module_preset=\u00bbdefault\u00bb global_colors_info=\u00bb{}\u00bb theme_builder_area=\u00bbpost_content\u00bb][dgbc_blog_carousel type=\u00bb3&#8243; include_categories=\u00bb464&#8243; show_excerpt=\u00bboff\u00bb show_categories=\u00bboff\u00bb show_author=\u00bboff\u00bb show_date=\u00bboff\u00bb show_more=\u00bbon\u00bb read_more_text=\u00bbLeer m\u00e1s\u00bb arrow_nav=\u00bbon\u00bb dot_nav=\u00bbon\u00bb equal_height=\u00bbon\u00bb _builder_version=\u00bb4.27.4&#8243; _module_preset=\u00bbdefault\u00bb hover_enabled=\u00bb0&#8243; global_colors_info=\u00bb{}\u00bb theme_builder_area=\u00bbpost_content\u00bb header_level=\u00bbh1&#8243; header_line_height=\u00bb1.2em\u00bb content_margin=\u00bb10px||||false|false\u00bb sticky_enabled=\u00bb0&#8243;][\/dgbc_blog_carousel][\/et_pb_column][\/et_pb_row][\/et_pb_section]<\/p>\n","protected":false},"excerpt":{"rendered":"<div class=\"et_pb_module dgbc_blog_carousel dgbc_blog_carousel_0\">\n\t\t\t\t\n\t\t\t\t\n\t\t\t\t\n\t\t\t\t\n\t\t\t\t\n\t\t\t\t\n\t\t\t\t<div class=\"et_pb_module_inner\">\n\t\t\t\t\t<div class=\"dgbc_carousel_wrapper\" data-props='{\"desktop\":\"3\",\"tablet\":\"2\",\"mobile\":\"1\",\"multislide\":\"off\",\"spacing\":\"30\",\"speed\":\"500\",\"order\":\"0\",\"arrow\":\"on\",\"dots\":\"on\",\"centermode\":\"off\",\"loop\":\"off\",\"autoplay\":\"off\",\"hoverpause\":\"off\",\"autoplay_speed\":\"1500\",\"effect\":\"slide\",\"coverflow\":\"50\",\"shadow\":\"on\",\"xlarge\":\"4\",\"tablet_spacing\":\"30\",\"mobile_spacing\":\"30\"}'>\r\n\t\t\t\t\t\t\t\r\n\t\t\t\t\t\t\t<div class=\"swiper-container\">\r\n\t\t\t\t\t\t\t\t<div class=\"swiper-wrapper\">\t\t\t\t\r\n\t\t\t\t<article id=\"post-6031\" class=\"dgbc_post_item post-6031 post type-post status-publish format-standard has-post-thumbnail hentry category-blog tag-atilio-chara tag-cambio-climatico tag-distincion tag-fundacion-codigos tag-luis-seguessa tag-medio-ambiente tag-premio-changuito\">\r\n\t\t\t\t\t<div class=\"dgbc_post_inner_wrapper\">\r\n\t\t\t\t\t\t<div class=\"dg-post-thumb\"><a href=\"https:\/\/fundacioncodigos.org\/es\/fundacion-codigos-y-luis-seguessa-reciben-distincion-en-santiago-del-estero-argentina\/\" data-icon=\"1\"><img loading=\"lazy\" decoding=\"async\" src=\"https:\/\/fundacioncodigos.org\/wp-content\/uploads\/2014\/12\/Premio-Changuito-2015-al-Medio-Ambiente-en-el-Teatro-del-Bicentenario-Gobernacion-de-Santiago-del-Estero-Argentina-400x250.jpg\" alt=\"Fundaci\u00f3n C\u00f3digos y Luis Seguessa reciben distinci\u00f3n en Santiago del Estero, Argentina\" class=\"\" srcset=\"https:\/\/fundacioncodigos.org\/wp-content\/uploads\/2014\/12\/Premio-Changuito-2015-al-Medio-Ambiente-en-el-Teatro-del-Bicentenario-Gobernacion-de-Santiago-del-Estero-Argentina.jpg 479w, https:\/\/fundacioncodigos.org\/wp-content\/uploads\/2014\/12\/Premio-Changuito-2015-al-Medio-Ambiente-en-el-Teatro-del-Bicentenario-Gobernacion-de-Santiago-del-Estero-Argentina-400x250.jpg 480w \" sizes=\"(max-width:479px) 479px, 100vw \"  width=\"400\" height=\"250\" \/><\/a><\/div>\t\t\t\t\t\t<div class=\"content-wrapper\">\r\n\t\t\t\t\t\t\t<h1 class=\"dg_bc_title\"><a href=\"https:\/\/fundacioncodigos.org\/es\/fundacion-codigos-y-luis-seguessa-reciben-distincion-en-santiago-del-estero-argentina\/\">Fundaci\u00f3n C\u00f3digos y Luis Seguessa reciben distinci\u00f3n en Santiago del Estero, Argentina<\/a><\/h1>\t\t\t\t\t\t\t<div class=\"dg_read_more_wrapper\"><a class=\"read-more\" href=\"https:\/\/fundacioncodigos.org\/es\/fundacion-codigos-y-luis-seguessa-reciben-distincion-en-santiago-del-estero-argentina\/\" ><span>Leer m\u00e1s<\/span><\/a><\/div>\t\t\t\t\t\t\t\t\t\t\t\t\t\t\r\n\t\t\t\t\t\t<\/div>\r\n\t\t\t\t\t<\/div>\r\n\t\t\t\t<\/article>\r\n\t\t\t\t\t\t\t\t\r\n\t\t\t\t<article id=\"post-7182\" class=\"dgbc_post_item post-7182 post type-post status-publish format-standard has-post-thumbnail hentry category-blog tag-auto-electrico tag-automovil-club-argentino tag-buenos-aires tag-carlos-acosta tag-desafio-eco tag-fundacion-codigos tag-luis-seguessa tag-movilidad-electrica\">\r\n\t\t\t\t\t<div class=\"dgbc_post_inner_wrapper\">\r\n\t\t\t\t\t\t<div class=\"dg-post-thumb\"><a href=\"https:\/\/fundacioncodigos.org\/es\/fundacion-codigos-apoya-a-desafio-eco-buenos-aires-noviembre-2014\/\" data-icon=\"1\"><img loading=\"lazy\" decoding=\"async\" src=\"https:\/\/fundacioncodigos.org\/wp-content\/uploads\/2014\/11\/desafio-eco-400x250.jpg\" alt=\"Fundaci\u00f3n C\u00f3digos apoya a Desaf\u00edo ECO, en Buenos Aires.\" class=\"\" srcset=\"https:\/\/fundacioncodigos.org\/wp-content\/uploads\/2014\/11\/desafio-eco.jpg 479w, https:\/\/fundacioncodigos.org\/wp-content\/uploads\/2014\/11\/desafio-eco-400x250.jpg 480w \" sizes=\"(max-width:479px) 479px, 100vw \"  width=\"400\" height=\"250\" \/><\/a><\/div>\t\t\t\t\t\t<div class=\"content-wrapper\">\r\n\t\t\t\t\t\t\t<h1 class=\"dg_bc_title\"><a href=\"https:\/\/fundacioncodigos.org\/es\/fundacion-codigos-apoya-a-desafio-eco-buenos-aires-noviembre-2014\/\">Fundaci\u00f3n C\u00f3digos apoya a Desaf\u00edo ECO, en Buenos Aires.<\/a><\/h1>\t\t\t\t\t\t\t<div class=\"dg_read_more_wrapper\"><a class=\"read-more\" href=\"https:\/\/fundacioncodigos.org\/es\/fundacion-codigos-apoya-a-desafio-eco-buenos-aires-noviembre-2014\/\" ><span>Leer m\u00e1s<\/span><\/a><\/div>\t\t\t\t\t\t\t\t\t\t\t\t\t\t\r\n\t\t\t\t\t\t<\/div>\r\n\t\t\t\t\t<\/div>\r\n\t\t\t\t<\/article>\r\n\t\t\t\t\t\t\t\t\r\n\t\t\t\t<article id=\"post-7142\" class=\"dgbc_post_item post-7142 post type-post status-publish format-standard has-post-thumbnail hentry category-blog tag-climate-change tag-codes-foundation tag-cumbre-de-cambio-climatico tag-fundacion-codigos tag-luis-seguessa tag-medio-ambiente tag-naciones-unidas tag-onu tag-rio-20\">\r\n\t\t\t\t\t<div class=\"dgbc_post_inner_wrapper\">\r\n\t\t\t\t\t\t<div class=\"dg-post-thumb\"><a href=\"https:\/\/fundacioncodigos.org\/es\/rio-20-rio-de-janeiro-brasil-junio-2012\/\" data-icon=\"1\"><img loading=\"lazy\" decoding=\"async\" src=\"https:\/\/fundacioncodigos.org\/wp-content\/uploads\/2020\/06\/Rio20-Luis-Seguessa-400x250.jpg\" alt=\"Conferencia en R\u00edo +20, Brasil\" class=\"\" srcset=\"https:\/\/fundacioncodigos.org\/wp-content\/uploads\/2020\/06\/Rio20-Luis-Seguessa.jpg 479w, https:\/\/fundacioncodigos.org\/wp-content\/uploads\/2020\/06\/Rio20-Luis-Seguessa-400x250.jpg 480w \" sizes=\"(max-width:479px) 479px, 100vw \"  width=\"400\" height=\"250\" \/><\/a><\/div>\t\t\t\t\t\t<div class=\"content-wrapper\">\r\n\t\t\t\t\t\t\t<h1 class=\"dg_bc_title\"><a href=\"https:\/\/fundacioncodigos.org\/es\/rio-20-rio-de-janeiro-brasil-junio-2012\/\">Conferencia en R\u00edo +20, Brasil<\/a><\/h1>\t\t\t\t\t\t\t<div class=\"dg_read_more_wrapper\"><a class=\"read-more\" href=\"https:\/\/fundacioncodigos.org\/es\/rio-20-rio-de-janeiro-brasil-junio-2012\/\" ><span>Leer m\u00e1s<\/span><\/a><\/div>\t\t\t\t\t\t\t\t\t\t\t\t\t\t\r\n\t\t\t\t\t\t<\/div>\r\n\t\t\t\t\t<\/div>\r\n\t\t\t\t<\/article>\r\n\t\t\t\t<\/div>\r\n\t\t\t\t\t\t\t<\/div><div class=\"swiper-button-prev dg-bc-arrow-prev-0\" data-icon=\"4\"><\/div>\r\n\t\t<div class=\"swiper-button-next dg-bc-arrow-next-0\" data-icon=\"5\"><\/div><div class=\"swiper-pagination dg-bc-dots-0\"><\/div>\r\n\t\t\t\t\t\t<\/div>\n\t\t\t\t<\/div>\n\t\t\t<\/div>\n","protected":false},"author":5,"featured_media":10675,"parent":0,"menu_order":0,"comment_status":"closed","ping_status":"closed","template":"","meta":{"give_campaign_id":0,"_et_pb_use_builder":"on","_et_pb_old_content":"","_et_gb_content_width":"","footnotes":""},"class_list":["post-10523","page","type-page","status-publish","has-post-thumbnail","hentry"],"campaignId":"","_links":{"self":[{"href":"https:\/\/fundacioncodigos.org\/es\/wp-json\/wp\/v2\/pages\/10523","targetHints":{"allow":["GET"]}}],"collection":[{"href":"https:\/\/fundacioncodigos.org\/es\/wp-json\/wp\/v2\/pages"}],"about":[{"href":"https:\/\/fundacioncodigos.org\/es\/wp-json\/wp\/v2\/types\/page"}],"author":[{"embeddable":true,"href":"https:\/\/fundacioncodigos.org\/es\/wp-json\/wp\/v2\/users\/5"}],"replies":[{"embeddable":true,"href":"https:\/\/fundacioncodigos.org\/es\/wp-json\/wp\/v2\/comments?post=10523"}],"version-history":[{"count":5,"href":"https:\/\/fundacioncodigos.org\/es\/wp-json\/wp\/v2\/pages\/10523\/revisions"}],"predecessor-version":[{"id":14675,"href":"https:\/\/fundacioncodigos.org\/es\/wp-json\/wp\/v2\/pages\/10523\/revisions\/14675"}],"wp:featuredmedia":[{"embeddable":true,"href":"https:\/\/fundacioncodigos.org\/es\/wp-json\/wp\/v2\/media\/10675"}],"wp:attachment":[{"href":"https:\/\/fundacioncodigos.org\/es\/wp-json\/wp\/v2\/media?parent=10523"}],"curies":[{"name":"wp","href":"https:\/\/api.w.org\/{rel}","templated":true}]}}