{"id":9350,"date":"2020-05-08T11:25:55","date_gmt":"2020-05-08T11:25:55","guid":{"rendered":"https:\/\/fundacioncodigos.org\/?page_id=9350"},"modified":"2021-03-07T03:50:22","modified_gmt":"2021-03-07T03:50:22","slug":"comunicados","status":"publish","type":"page","link":"https:\/\/fundacioncodigos.org\/en\/comunicados\/","title":{"rendered":"Releases"},"content":{"rendered":"\n[et_pb_section fb_built=\u00bb1&#8243; _builder_version=\u00bb4.4.5&#8243; custom_padding=\u00bb0px||0px|||\u00bb][et_pb_row _builder_version=\u00bb4.4.5&#8243; custom_padding=\u00bb0px||0px|||\u00bb][et_pb_column type=\u00bb4_4&#8243; _builder_version=\u00bb4.4.5&#8243;][dgbc_blog_carousel posts_number=\u00bb60&#8243; type=\u00bb3&#8243; include_categories=\u00bb208&#8243; show_excerpt=\u00bboff\u00bb show_author=\u00bboff\u00bb show_date=\u00bboff\u00bb show_more=\u00bbon\u00bb read_more_text=\u00bbLeer m\u00e1s\u00bb show_items_xlarge=\u00bb6&#8243; show_items_desktop=\u00bb4&#8243; multislide=\u00bbon\u00bb item_spacing=\u00bb28&#8243; transition_duration=\u00bb1500&#8243; arrow_nav=\u00bbon\u00bb dot_nav=\u00bbon\u00bb loop=\u00bbon\u00bb autoplay=\u00bbon\u00bb hoverpause=\u00bbon\u00bb equal_height=\u00bbon\u00bb image_size=\u00bbmid\u00bb button_at_bottom=\u00bbon\u00bb use_button_icon=\u00bbon\u00bb button_icon=\u00bb%%28%%\u00bb button_bg_color=\u00bb#6EA358&#8243; arrow_color=\u00bb#ffffff\u00bb arrow_background_color=\u00bb#000000&#8243; arrow_position=\u00bb1&#8243; arrow_font_size=\u00bb35px\u00bb inner_container_padding=\u00bb|50px||50px|false|false\u00bb content_padding=\u00bb25px|25px|25px|25px|false|false\u00bb button_padding=\u00bb|15px||15px|false|false\u00bb overlay=\u00bbon\u00bb overlay_color=\u00bbrgba(0,0,0,0.55)\u00bb overlay_icon_color=\u00bbrgba(142,142,142,0)\u00bb _builder_version=\u00bb4.4.5&#8243; header_level=\u00bbh3&#8243; header_font=\u00bb|600|||||||\u00bb header_font_size=\u00bb16px\u00bb header_line_height=\u00bb1.3em\u00bb read_more_text_align=\u00bbcenter\u00bb read_more_text_color=\u00bb#ffffff\u00bb border_radii_read_more=\u00bbon|30px|30px|30px|30px\u00bb border_color_all_read_more=\u00bb#6EA358&#8243; box_shadow_style=\u00bbpreset1&#8243; locked=\u00bboff\u00bb][\/dgbc_blog_carousel][\/et_pb_column][\/et_pb_row][\/et_pb_section]\n","protected":false},"excerpt":{"rendered":"<div class=\"et_pb_with_border et_pb_module dgbc_blog_carousel dgbc_blog_carousel_0\">\n\t\t\t\t\n\t\t\t\t\n\t\t\t\t\n\t\t\t\t\n\t\t\t\t\n\t\t\t\t\n\t\t\t\t<div class=\"et_pb_module_inner\">\n\t\t\t\t\t<div class=\"dgbc_carousel_wrapper has_overlay\" data-props='{\"desktop\":\"4\",\"tablet\":\"2\",\"mobile\":\"1\",\"multislide\":\"on\",\"spacing\":\"28\",\"speed\":\"1500\",\"order\":\"0\",\"arrow\":\"on\",\"dots\":\"on\",\"centermode\":\"off\",\"loop\":\"on\",\"autoplay\":\"on\",\"hoverpause\":\"on\",\"autoplay_speed\":\"1500\",\"effect\":\"slide\",\"coverflow\":\"50\",\"shadow\":\"on\",\"xlarge\":\"6\",\"tablet_spacing\":\"28\",\"mobile_spacing\":\"28\"}'>\r\n\t\t\t\t\t\t\t\r\n\t\t\t\t\t\t\t<div class=\"swiper-container\">\r\n\t\t\t\t\t\t\t\t<div class=\"swiper-wrapper\">\t\t\t\t\r\n\t\t\t\t<article id=\"post-4254\" class=\"dgbc_post_item post-4254 post type-post status-publish format-standard has-post-thumbnail hentry category-comunicados category-noticias tag-cambio-climatico tag-consumo-de-oxigeno tag-fundacion-codigos tag-luis-seguessa tag-rio20\">\r\n\t\t\t\t\t<div class=\"dgbc_post_inner_wrapper\">\r\n\t\t\t\t\t\t<div class=\"dg-post-thumb\"><a href=\"https:\/\/fundacioncodigos.org\/en\/errores-en-la-agenda-de-discusion-rio20-falto-debatir-sobre-el-consumo-de-oxigeno\/\" data-icon=\"1\"><img loading=\"lazy\" decoding=\"async\" src=\"https:\/\/fundacioncodigos.org\/wp-content\/uploads\/2020\/05\/errores-rio-20-400x250.jpg\" alt=\"Errores en la agenda de discusi\u00f3n de \u201cR\u00cdO+20\u201d. Falt\u00f3 debatir sobre el consumo de ox\u00edgeno.\" class=\"\" srcset=\"https:\/\/fundacioncodigos.org\/wp-content\/uploads\/2020\/05\/errores-rio-20.jpg 479w, https:\/\/fundacioncodigos.org\/wp-content\/uploads\/2020\/05\/errores-rio-20-400x250.jpg 480w \" sizes=\"(max-width:479px) 479px, 100vw \"  width=\"400\" height=\"250\" \/><\/a><\/div>\t\t\t\t\t\t<div class=\"content-wrapper\">\r\n\t\t\t\t\t\t\t<h3 class=\"dg_bc_title\"><a href=\"https:\/\/fundacioncodigos.org\/en\/errores-en-la-agenda-de-discusion-rio20-falto-debatir-sobre-el-consumo-de-oxigeno\/\">Errors in the discussion agenda of \"R\u00cdO + 20\". There was no discussion about oxygen consumption.<\/a><\/h3><p class=\"post-meta\"><span class=\"categories\"> <a href=\"https:\/\/fundacioncodigos.org\/en\/category\/comunicados\/\" rel=\"category tag\">Releases<\/a>, <a href=\"https:\/\/fundacioncodigos.org\/en\/category\/noticias\/\" rel=\"category tag\">News<\/a><\/span><\/p>\t\t\t\t\t\t\t<div class=\"dg_read_more_wrapper btn-at-bottm\"><a class=\"read-more\" href=\"https:\/\/fundacioncodigos.org\/en\/errores-en-la-agenda-de-discusion-rio20-falto-debatir-sobre-el-consumo-de-oxigeno\/\" data-icon=\"&amp;#x3d;\"><span>Read More<\/span><\/a><\/div>\t\t\t\t\t\t\t\t\t\t\t\t\t\t\r\n\t\t\t\t\t\t<\/div>\r\n\t\t\t\t\t<\/div>\r\n\t\t\t\t<\/article>\r\n\t\t\t\t\t\t\t\t\r\n\t\t\t\t<article id=\"post-4319\" class=\"dgbc_post_item post-4319 post type-post status-publish format-standard has-post-thumbnail hentry category-comunicados tag-cambio-climatico tag-climate-change tag-combustion-cero-2 tag-fundacion-codigos tag-luis-seguessa tag-solucion-al-cambio-climatico tag-tsunami\">\r\n\t\t\t\t\t<div class=\"dgbc_post_inner_wrapper\">\r\n\t\t\t\t\t\t<div class=\"dg-post-thumb\"><a href=\"https:\/\/fundacioncodigos.org\/en\/fundacion-codigos-reitera-su-llamado-a-respetar-al-planeta-ante-la-ultima-ola-de-catastrofes-en-el-mundo\/\" data-icon=\"1\"><img loading=\"lazy\" decoding=\"async\" src=\"https:\/\/fundacioncodigos.org\/wp-content\/uploads\/2011\/03\/ola-de-catastrofes-en-el-mundo-400x250.jpg\" alt=\"Fundaci\u00f3n C\u00f3digos reitera su llamado a respetar al planeta ante la \u00faltima ola de cat\u00e1strofes en el mundo\" class=\"\" srcset=\"https:\/\/fundacioncodigos.org\/wp-content\/uploads\/2011\/03\/ola-de-catastrofes-en-el-mundo.jpg 479w, https:\/\/fundacioncodigos.org\/wp-content\/uploads\/2011\/03\/ola-de-catastrofes-en-el-mundo-400x250.jpg 480w \" sizes=\"(max-width:479px) 479px, 100vw \"  width=\"400\" height=\"250\" \/><\/a><\/div>\t\t\t\t\t\t<div class=\"content-wrapper\">\r\n\t\t\t\t\t\t\t<h3 class=\"dg_bc_title\"><a href=\"https:\/\/fundacioncodigos.org\/en\/fundacion-codigos-reitera-su-llamado-a-respetar-al-planeta-ante-la-ultima-ola-de-catastrofes-en-el-mundo\/\">Fundaci\u00f3n C\u00f3digos reiterates it\u00b4s call to respect the planet in view of the latest waves of catastrophes around the world<\/a><\/h3><p class=\"post-meta\"><span class=\"categories\"> <a href=\"https:\/\/fundacioncodigos.org\/en\/category\/comunicados\/\" rel=\"category tag\">Releases<\/a><\/span><\/p>\t\t\t\t\t\t\t<div class=\"dg_read_more_wrapper btn-at-bottm\"><a class=\"read-more\" href=\"https:\/\/fundacioncodigos.org\/en\/fundacion-codigos-reitera-su-llamado-a-respetar-al-planeta-ante-la-ultima-ola-de-catastrofes-en-el-mundo\/\" data-icon=\"&amp;#x3d;\"><span>Read More<\/span><\/a><\/div>\t\t\t\t\t\t\t\t\t\t\t\t\t\t\r\n\t\t\t\t\t\t<\/div>\r\n\t\t\t\t\t<\/div>\r\n\t\t\t\t<\/article>\r\n\t\t\t\t\t\t\t\t\r\n\t\t\t\t<article id=\"post-4311\" class=\"dgbc_post_item post-4311 post type-post status-publish format-standard has-post-thumbnail hentry category-comunicados\">\r\n\t\t\t\t\t<div class=\"dgbc_post_inner_wrapper\">\r\n\t\t\t\t\t\t<div class=\"dg-post-thumb\"><a href=\"https:\/\/fundacioncodigos.org\/en\/alerta-global-copenhagen-la-ultima-oportunidad\/\" data-icon=\"1\"><img loading=\"lazy\" decoding=\"async\" src=\"https:\/\/fundacioncodigos.org\/wp-content\/uploads\/2020\/05\/alerta-global-copenhaguen-400x250.jpg\" alt=\"Alerta Global. Copenhagen, la oportunidad.\" class=\"\" srcset=\"https:\/\/fundacioncodigos.org\/wp-content\/uploads\/2020\/05\/alerta-global-copenhaguen.jpg 479w, https:\/\/fundacioncodigos.org\/wp-content\/uploads\/2020\/05\/alerta-global-copenhaguen-400x250.jpg 480w \" sizes=\"(max-width:479px) 479px, 100vw \"  width=\"400\" height=\"250\" \/><\/a><\/div>\t\t\t\t\t\t<div class=\"content-wrapper\">\r\n\t\t\t\t\t\t\t<h3 class=\"dg_bc_title\"><a href=\"https:\/\/fundacioncodigos.org\/en\/alerta-global-copenhagen-la-ultima-oportunidad\/\">Global Alert. Copenhagen, the opportunity.<\/a><\/h3><p class=\"post-meta\"><span class=\"categories\"> <a href=\"https:\/\/fundacioncodigos.org\/en\/category\/comunicados\/\" rel=\"category tag\">Releases<\/a><\/span><\/p>\t\t\t\t\t\t\t<div class=\"dg_read_more_wrapper btn-at-bottm\"><a class=\"read-more\" href=\"https:\/\/fundacioncodigos.org\/en\/alerta-global-copenhagen-la-ultima-oportunidad\/\" data-icon=\"&amp;#x3d;\"><span>Read More<\/span><\/a><\/div>\t\t\t\t\t\t\t\t\t\t\t\t\t\t\r\n\t\t\t\t\t\t<\/div>\r\n\t\t\t\t\t<\/div>\r\n\t\t\t\t<\/article>\r\n\t\t\t\t\t\t\t\t\r\n\t\t\t\t<article id=\"post-4219\" class=\"dgbc_post_item post-4219 post type-post status-publish format-standard has-post-thumbnail hentry category-comunicados\">\r\n\t\t\t\t\t<div class=\"dgbc_post_inner_wrapper\">\r\n\t\t\t\t\t\t<div class=\"dg-post-thumb\"><a href=\"https:\/\/fundacioncodigos.org\/en\/la-desaparicion-del-artico-es-la-antesala-del-fin\/\" data-icon=\"1\"><img loading=\"lazy\" decoding=\"async\" src=\"https:\/\/fundacioncodigos.org\/wp-content\/uploads\/2020\/05\/desaparicion-artico-400x250.jpeg\" alt=\"La desaparici\u00f3n del \u00c1rtico es la antesala del fin\" class=\"\" srcset=\"https:\/\/fundacioncodigos.org\/wp-content\/uploads\/2020\/05\/desaparicion-artico-scaled.jpeg 479w, https:\/\/fundacioncodigos.org\/wp-content\/uploads\/2020\/05\/desaparicion-artico-400x250.jpeg 480w \" sizes=\"(max-width:479px) 479px, 100vw \"  width=\"400\" height=\"250\" \/><\/a><\/div>\t\t\t\t\t\t<div class=\"content-wrapper\">\r\n\t\t\t\t\t\t\t<h3 class=\"dg_bc_title\"><a href=\"https:\/\/fundacioncodigos.org\/en\/la-desaparicion-del-artico-es-la-antesala-del-fin\/\">The Arctic is disappearing, the prelude to the end.<\/a><\/h3><p class=\"post-meta\"><span class=\"categories\"> <a href=\"https:\/\/fundacioncodigos.org\/en\/category\/comunicados\/\" rel=\"category tag\">Releases<\/a><\/span><\/p>\t\t\t\t\t\t\t<div class=\"dg_read_more_wrapper btn-at-bottm\"><a class=\"read-more\" href=\"https:\/\/fundacioncodigos.org\/en\/la-desaparicion-del-artico-es-la-antesala-del-fin\/\" data-icon=\"&amp;#x3d;\"><span>Read More<\/span><\/a><\/div>\t\t\t\t\t\t\t\t\t\t\t\t\t\t\r\n\t\t\t\t\t\t<\/div>\r\n\t\t\t\t\t<\/div>\r\n\t\t\t\t<\/article>\r\n\t\t\t\t\t\t\t\t\r\n\t\t\t\t<article id=\"post-4206\" class=\"dgbc_post_item post-4206 post type-post status-publish format-standard has-post-thumbnail hentry category-comunicados tag-cambio-climatico tag-capa-de-ozono tag-derretimiento-de-los-polos tag-fundacion-codigos tag-hidrato-de-metano tag-luis-seguessa tag-polo-norte tag-polo-sur tag-polo-surc tag-tormentas-solares tag-vientos-solares\">\r\n\t\t\t\t\t<div class=\"dgbc_post_inner_wrapper\">\r\n\t\t\t\t\t\t<div class=\"dg-post-thumb\"><a href=\"https:\/\/fundacioncodigos.org\/en\/4206-2\/\" data-icon=\"1\"><img loading=\"lazy\" decoding=\"async\" src=\"https:\/\/fundacioncodigos.org\/wp-content\/uploads\/2020\/06\/metano-en-el-artico-400x250.png\" alt=\"Metano en el Artico\" class=\"\" srcset=\"https:\/\/fundacioncodigos.org\/wp-content\/uploads\/2020\/06\/metano-en-el-artico.png 479w, https:\/\/fundacioncodigos.org\/wp-content\/uploads\/2020\/06\/metano-en-el-artico-400x250.png 480w \" sizes=\"(max-width:479px) 479px, 100vw \"  width=\"400\" height=\"250\" \/><\/a><\/div>\t\t\t\t\t\t<div class=\"content-wrapper\">\r\n\t\t\t\t\t\t\t<h3 class=\"dg_bc_title\"><a href=\"https:\/\/fundacioncodigos.org\/en\/4206-2\/\">Methane in the Arctic<\/a><\/h3><p class=\"post-meta\"><span class=\"categories\"> <a href=\"https:\/\/fundacioncodigos.org\/en\/category\/comunicados\/\" rel=\"category tag\">Releases<\/a><\/span><\/p>\t\t\t\t\t\t\t<div class=\"dg_read_more_wrapper btn-at-bottm\"><a class=\"read-more\" href=\"https:\/\/fundacioncodigos.org\/en\/4206-2\/\" data-icon=\"&amp;#x3d;\"><span>Read More<\/span><\/a><\/div>\t\t\t\t\t\t\t\t\t\t\t\t\t\t\r\n\t\t\t\t\t\t<\/div>\r\n\t\t\t\t\t<\/div>\r\n\t\t\t\t<\/article>\r\n\t\t\t\t<\/div>\r\n\t\t\t\t\t\t\t<\/div><div class=\"swiper-button-prev dg-bc-arrow-prev-0\" data-icon=\"4\"><\/div>\r\n\t\t<div class=\"swiper-button-next dg-bc-arrow-next-0\" data-icon=\"5\"><\/div><div class=\"swiper-pagination dg-bc-dots-0\"><\/div>\r\n\t\t\t\t\t\t<\/div>\n\t\t\t\t<\/div>\n\t\t\t<\/div>","protected":false},"author":5,"featured_media":10690,"parent":0,"menu_order":0,"comment_status":"closed","ping_status":"closed","template":"","meta":{"give_campaign_id":0,"_et_pb_use_builder":"on","_et_pb_old_content":"<!-- wp:divi\/placeholder \/-->","_et_gb_content_width":"","footnotes":""},"class_list":["post-9350","page","type-page","status-publish","has-post-thumbnail","hentry"],"campaignId":"","_links":{"self":[{"href":"https:\/\/fundacioncodigos.org\/en\/wp-json\/wp\/v2\/pages\/9350","targetHints":{"allow":["GET"]}}],"collection":[{"href":"https:\/\/fundacioncodigos.org\/en\/wp-json\/wp\/v2\/pages"}],"about":[{"href":"https:\/\/fundacioncodigos.org\/en\/wp-json\/wp\/v2\/types\/page"}],"author":[{"embeddable":true,"href":"https:\/\/fundacioncodigos.org\/en\/wp-json\/wp\/v2\/users\/5"}],"replies":[{"embeddable":true,"href":"https:\/\/fundacioncodigos.org\/en\/wp-json\/wp\/v2\/comments?post=9350"}],"version-history":[{"count":7,"href":"https:\/\/fundacioncodigos.org\/en\/wp-json\/wp\/v2\/pages\/9350\/revisions"}],"predecessor-version":[{"id":10691,"href":"https:\/\/fundacioncodigos.org\/en\/wp-json\/wp\/v2\/pages\/9350\/revisions\/10691"}],"wp:featuredmedia":[{"embeddable":true,"href":"https:\/\/fundacioncodigos.org\/en\/wp-json\/wp\/v2\/media\/10690"}],"wp:attachment":[{"href":"https:\/\/fundacioncodigos.org\/en\/wp-json\/wp\/v2\/media?parent=9350"}],"curies":[{"name":"wp","href":"https:\/\/api.w.org\/{rel}","templated":true}]}}