{"id":9342,"date":"2020-05-08T11:22:09","date_gmt":"2020-05-08T11:22:09","guid":{"rendered":"https:\/\/fundacioncodigos.org\/?page_id=9342"},"modified":"2025-10-16T20:25:28","modified_gmt":"2025-10-16T20:25:28","slug":"conferencias","status":"publish","type":"page","link":"https:\/\/fundacioncodigos.org\/en\/alerta-global\/conferencias\/","title":{"rendered":"Conferences"},"content":{"rendered":"<p>[et_pb_section fb_built=\u00bb1&#8243; _builder_version=\u00bb4.16&#8243; custom_padding=\u00bb0px||0px|||\u00bb global_colors_info=\u00bb{}\u00bb theme_builder_area=\u00bbpost_content\u00bb][et_pb_row _builder_version=\u00bb4.16&#8243; custom_padding=\u00bb0px|||||\u00bb global_colors_info=\u00bb{}\u00bb theme_builder_area=\u00bbpost_content\u00bb][et_pb_column type=\u00bb4_4&#8243; _builder_version=\u00bb4.16&#8243; global_colors_info=\u00bb{}\u00bb theme_builder_area=\u00bbpost_content\u00bb][et_pb_text _builder_version=\u00bb4.16&#8243; global_colors_info=\u00bb{}\u00bb theme_builder_area=\u00bbpost_content\u00bb]<\/p>\n<h2>Conferencia Alerta Global<\/h2>\n<p>[\/et_pb_text][\/et_pb_column][\/et_pb_row][et_pb_row column_structure=\u00bb1_2,1_2&#8243; _builder_version=\u00bb4.16&#8243; custom_padding=\u00bb0px|||||\u00bb global_colors_info=\u00bb{}\u00bb theme_builder_area=\u00bbpost_content\u00bb][et_pb_column type=\u00bb1_2&#8243; _builder_version=\u00bb4.16&#8243; global_colors_info=\u00bb{}\u00bb theme_builder_area=\u00bbpost_content\u00bb][et_pb_image src=\u00bbhttps:\/\/fundacioncodigos.org\/wp-content\/uploads\/2020\/05\/alerta-global-conferencia-luis-seguessa.jpg\u00bb alt=\u00bbConferencias\u00bb title_text=\u00bbConferencias\u00bb _builder_version=\u00bb4.16&#8243; width=\u00bb95%\u00bb global_colors_info=\u00bb{}\u00bb theme_builder_area=\u00bbpost_content\u00bb][\/et_pb_image][\/et_pb_column][et_pb_column type=\u00bb1_2&#8243; _builder_version=\u00bb4.16&#8243; global_colors_info=\u00bb{}\u00bb theme_builder_area=\u00bbpost_content\u00bb][et_pb_image src=\u00bbhttps:\/\/fundacioncodigos.org\/wp-content\/uploads\/2020\/05\/conferencia-alerta-global-luis-seguessa-2.jpg\u00bb alt=\u00bbConferencia Alerta Global\u00bb title_text=\u00bbConferencia Alerta Global\u00bb align=\u00bbcenter\u00bb _builder_version=\u00bb4.16&#8243; custom_padding=\u00bb|81px|2px|8px||\u00bb global_colors_info=\u00bb{}\u00bb theme_builder_area=\u00bbpost_content\u00bb][\/et_pb_image][\/et_pb_column][\/et_pb_row][et_pb_row _builder_version=\u00bb4.16&#8243; custom_padding=\u00bb||0px|||\u00bb global_colors_info=\u00bb{}\u00bb theme_builder_area=\u00bbpost_content\u00bb][et_pb_column type=\u00bb4_4&#8243; _builder_version=\u00bb4.16&#8243; global_colors_info=\u00bb{}\u00bb theme_builder_area=\u00bbpost_content\u00bb][et_pb_text _builder_version=\u00bb4.16&#8243; global_colors_info=\u00bb{}\u00bb theme_builder_area=\u00bbpost_content\u00bb]<\/p>\n<p>El 15 de enero de 2008, el investigador Luis Seguessa dio a conocer al mundo en una conferencia en la ciudad de San Pablo, Brasil, la principal causa del cambio clim\u00e1tico y su \u00fanica y urgente soluci\u00f3n, y desde ese momento imparte conferencias y transmite sus conocimientos a trav\u00e9s de diferentes medios de comunicaci\u00f3n en el mundo.<\/p>\n<p>Luis Seguessa present\u00f3 en el 2008 cinco Teor\u00edas al mundo sobre la problem\u00e1tica global del Cambio Clim\u00e1tico. La Universidad de Columbia, la Sociedad Sismol\u00f3gica de USA, la Universidad de Michigan y la Universidad de John Hopkins llegaron a\u00f1os despu\u00e9s a conclusiones similares.<\/p>\n<p>Desde ese entonces, la Fundaci\u00f3n C\u00f3digos presenta su conferencia Alerta Global en diferentes ciudades, principalmente en Latinoam\u00e9rica,\u00a0 y difunde su mensaje a miles de personas en todo el mundo.<\/p>\n<p>&nbsp;<\/p>\n<h2>Algunos lugares de referencia en donde se han llevado a cabo las conferencias:<\/h2>\n<p>&nbsp;<\/p>\n<ul>\n<li>Conferencia Alerta Global. Hotel Park Hyatt San Pablo, Brasil. Enero 2008.<\/li>\n<li>Conferencia Encuentro sobre ecolog\u00eda y cambio clim\u00e1tico. Hotel Argentino Piriapolis, Uruguay. Febrero 2008<\/li>\n<li>Simposio Internacional de Medio Ambiente. FIAER Buenos Aires, Argentina. Septiembre 2008<\/li>\n<li>Conferencia sobre las problem\u00e1ticas ambientales. Hotel Caesar Park San Pablo, Brasil. Diciembre de 2009<\/li>\n<li>Conferencia Internacional de Ecolog\u00eda. Auditorio del Diario La Capital, Rosario, Argentina. Mayo de 2010. Promovido por la secretar\u00eda de medioambiente de Santa Fe.<\/li>\n<li>Conferencia sobre Calentamiento Global. Sheraton Asunci\u00f3n, Paraguay, Abril de 2011<\/li>\n<li>Encuentro sobre Cambio Clim\u00e1tico. Centro Cultural Pukllasunchis, Cusco, Per\u00fa. Mayo de 2011<\/li>\n<li>Encuentro sobre \u201cNuevas soluciones para el Calentamiento Global\u201d. C\u00e1mara de Comercio e Industria Salta, Argentina. Julio de 2011<\/li>\n<li>Conferencia Internacional de Cambio Clim\u00e1tico. Ministerio de Medio Ambiente Uruguay. Liga de Fomento y Turismo Punta del Este, Uruguay. Enero 2009, 2010 y 2012.<\/li>\n<li>Participaci\u00f3n como jurado en el Certamen de Miss Atl\u00e1ntico Internacional 2011 y 2012 en Punta del Este, Uruguay, y responsable de la evaluaci\u00f3n de los trabajos de medioambiente realizados por las 23 candidatas participantes.<\/li>\n<li>Conferencia por el D\u00eda Mundial del Medio Ambiente, en el Argentino Hotel, Piri\u00e1polis.<\/li>\n<li>Conferencia Centro Cultural del Bicentenario, Santiago del Estero, Argentina, Marzo de 2012.<\/li>\n<li>Conferencia sobre los \u201cCambios Clim\u00e1ticos\u201d. Gobierno de la Ciudad. Teatro La Casona, Buenos Aires, Argentina, Marzo de 2012.<\/li>\n<li>Conferencia Alerta Global. En el Umbral del 2012. Hacienda Tres R\u00edos, Riviera Maya, M\u00e9xico, Mayo de 2012.<\/li>\n<li>R\u00edo +20, R\u00edo de Janeiro, Brasil. Junio 2012.<\/li>\n<li>Fundaci\u00f3n C\u00f3digos recibe Premio Victoria, Montevideo, 2012.<\/li>\n<li>Fundaci\u00f3n C\u00f3digos Recibe Premio \u201cChanguito Santiague\u00f1o\u201c en Santiago del Estero, 2012.<\/li>\n<li>Conferencia \u201cAlerta Global 2013 Hacia un Cambio de conciencia\u201d, Universidad de Congreso y la Universidad de Champagnat, Mendoza, Argentina, 2013.<\/li>\n<li>Conferencia \u201cAlerta Global 2013. Hacia un Cambio de Conciencia\u201d, Punta del Este, Uruguay, 2013.<\/li>\n<li>Conferencia \u201cAlerta Global 2013. Hacia un Cambio de Conciencia\u201d para j\u00f3venes del Grupo Unificado, Porto Alegre, Brasil, 2013.<\/li>\n<li>Conferencia \u201cAlerta Global 2013. Hacia un Cambio de Conciencia\u201d en el Argentino Hotel de Piri\u00e1polis, 2013.<\/li>\n<li>Conferencia Alerta Global, Ministerio de Desarrollo Social, C\u00f3rdoba, Argentina. Septiembre 2014.<\/li>\n<li>Conferencia Alerta Global 2014, Hotel Barradas, Punta del Este, Uruguay. Octubre, 2014.<\/li>\n<li>Conferencia Alerta Global en Club Tacuaremb\u00f3, Tacuaremb\u00f3, Uruguay. Octubre 2014.<\/li>\n<li>Conferencia Alerta Global 2014, en el marco del Festival Internacional de la Canci\u00f3n de Punta del Este, Uruguay. Diciembre 2014<\/li>\n<li>Fundaci\u00f3n C\u00f3digos recibe premio \u201cChanguito de Oro\u201d, Santiago del Estero, Argentina. Diciembre 2014.<\/li>\n<li>Conferencia en el Hotel AWA, Uruguay 2015.<\/li>\n<li>Conferencia ambiental Alerta Global 2016 en Punta del Este, Uruguay.<\/li>\n<li>Conferencia en San Pablo, Brasil 2017.<\/li>\n<li>Conferencias online 2019-2020-2021<\/li>\n<\/ul>\n<h2><\/h2>\n<h2>Conferencia para escuelas\u00a0<\/h2>\n<p>En su misi\u00f3n de difundir las causas del cambio clim\u00e1tico y calentamiento global, y sus soluciones, la Fundaci\u00f3n C\u00f3digos realiza charlas en escuelas primarias y liceos de Sudam\u00e9rica, contribuyendo a la educaci\u00f3n mediambiental de ni\u00f1os y j\u00f3venes del continente.<\/p>\n<p><strong>Charlas en Escuelas:<\/strong><\/p>\n<ul>\n<li>Charla en Liceo Punta del Este, 2014<\/li>\n<li>Charla en Colegio San Francisco de Asis, Piri\u00e1polis, 2012<\/li>\n<li>Charla sobre Cambio Clim\u00e1tico en el Instituto Galileo Galilei, Piri\u00e1polis, 2012.<\/li>\n<li>Conferencia en el Colegio St Claire\u2019s, 2012.<\/li>\n<li>Charla en Liceo N\u00ba 4 de Maldonado, 2013<\/li>\n<li>Charla en Liceo 3 de Maldonado, 2013<\/li>\n<li>Charla en Escuela 5 de Punta del Este<\/li>\n<li>Charla Escuela 7, Minas, 2013<\/li>\n<li>Charla en Escuela 10, San Carlos, Maldonado, 2013<\/li>\n<li>Charla Colegio Hermanas Dominicanas, Maldonado, 2013<\/li>\n<li>Charla Alerta Global en Colonia escolar de Piri\u00e1polis, 2013<\/li>\n<li>Charla en Colegio Maldonado, Maldonado 2013<\/li>\n<li>Charla en Instituto San Carlos, Maldonado, 2013.<\/li>\n<li>Charla Alerta Global en Colonia escolar de Piri\u00e1polis, 2013<\/li>\n<li>Liceo Jose Luis Invernizzi , Piriapolis, 2013<\/li>\n<li>Charla Alerta Global en la Escuela 19 de La Barra, 2014<\/li>\n<li>Charla en Escuela 78 en Pan de Azucar, 2014<\/li>\n<li>Charla en Colonia Escolar en Piri\u00e1polis, 2014<\/li>\n<li>Charla en Liceo Hector Barrios en Piri\u00e1polis, 2014<\/li>\n<li>Conferencia de Medio Ambiente en Escuela 7, Maldonado, 2014<\/li>\n<li>Charla de Medio Ambiente en St. Joseph Mary, Maldonado, 2014<\/li>\n<li>Conferencia de Medio Ambiente en Escuela 66, Maldonado, 2014<\/li>\n<li>Conferencia Medio Ambiente en Escuela 21, Maldonado 2014<\/li>\n<li>Charla Medio Ambiente en Escuela 11, Cerro Pelado, 2014<\/li>\n<li>Conferencia sobre Medio Ambiente en Escuela 7, Maldonado, 2014<\/li>\n<li>Charla sobre Cambio Clim\u00e1tico en Escuela 8 de Durazno, Uruguay, 2014.<\/li>\n<li>Charla Alerta Global en Escuela 1 de Maldonado, Uruguay, 2014.<\/li>\n<li>Charla Cambio Clim\u00e1tico en Escuela 6 de Durazno, 2014<\/li>\n<li>Charla Alerta Global a grupos de secundaria del Liceo 2, Maldonado, 2014.<\/li>\n<\/ul>\n<p>[\/et_pb_text][\/et_pb_column][\/et_pb_row][\/et_pb_section]<\/p>\n","protected":false},"excerpt":{"rendered":"<p>Conferencia Alerta GlobalEl 15 de enero de 2008, el investigador Luis Seguessa dio a conocer al mundo en una conferencia en la ciudad de San Pablo, Brasil, la principal causa del cambio clim\u00e1tico y su \u00fanica y urgente soluci\u00f3n, y desde ese momento imparte conferencias y transmite sus conocimientos a trav\u00e9s de diferentes medios de [&hellip;]<\/p>\n","protected":false},"author":5,"featured_media":10721,"parent":9074,"menu_order":1,"comment_status":"closed","ping_status":"closed","template":"","meta":{"give_campaign_id":0,"_et_pb_use_builder":"on","_et_pb_old_content":"<!-- wp:divi\/placeholder \/-->","_et_gb_content_width":"","footnotes":""},"class_list":["post-9342","page","type-page","status-publish","has-post-thumbnail","hentry"],"campaignId":"","_links":{"self":[{"href":"https:\/\/fundacioncodigos.org\/en\/wp-json\/wp\/v2\/pages\/9342","targetHints":{"allow":["GET"]}}],"collection":[{"href":"https:\/\/fundacioncodigos.org\/en\/wp-json\/wp\/v2\/pages"}],"about":[{"href":"https:\/\/fundacioncodigos.org\/en\/wp-json\/wp\/v2\/types\/page"}],"author":[{"embeddable":true,"href":"https:\/\/fundacioncodigos.org\/en\/wp-json\/wp\/v2\/users\/5"}],"replies":[{"embeddable":true,"href":"https:\/\/fundacioncodigos.org\/en\/wp-json\/wp\/v2\/comments?post=9342"}],"version-history":[{"count":5,"href":"https:\/\/fundacioncodigos.org\/en\/wp-json\/wp\/v2\/pages\/9342\/revisions"}],"predecessor-version":[{"id":15631,"href":"https:\/\/fundacioncodigos.org\/en\/wp-json\/wp\/v2\/pages\/9342\/revisions\/15631"}],"up":[{"embeddable":true,"href":"https:\/\/fundacioncodigos.org\/en\/wp-json\/wp\/v2\/pages\/9074"}],"wp:featuredmedia":[{"embeddable":true,"href":"https:\/\/fundacioncodigos.org\/en\/wp-json\/wp\/v2\/media\/10721"}],"wp:attachment":[{"href":"https:\/\/fundacioncodigos.org\/en\/wp-json\/wp\/v2\/media?parent=9342"}],"curies":[{"name":"wp","href":"https:\/\/api.w.org\/{rel}","templated":true}]}}