{"id":155,"date":"2020-04-13T00:55:11","date_gmt":"2020-04-13T00:55:11","guid":{"rendered":"https:\/\/fundacioncodigos.org\/?page_id=155"},"modified":"2026-04-15T19:14:06","modified_gmt":"2026-04-15T19:14:06","slug":"nuestro-trabajo","status":"publish","type":"page","link":"https:\/\/fundacioncodigos.org\/en\/nuestro-trabajo\/","title":{"rendered":"Our Work"},"content":{"rendered":"<p>[et_pb_section fb_built=\u00bb1&#8243; _builder_version=\u00bb4.16&#8243; custom_padding=\u00bb0px|||||\u00bb global_colors_info=\u00bb{}\u00bb theme_builder_area=\u00bbpost_content\u00bb][et_pb_row column_structure=\u00bb1_2,1_2&#8243; _builder_version=\u00bb4.16&#8243; custom_padding=\u00bb0px||0px|||\u00bb global_colors_info=\u00bb{}\u00bb theme_builder_area=\u00bbpost_content\u00bb][et_pb_column type=\u00bb1_2&#8243; _builder_version=\u00bb4.16&#8243; custom_padding=\u00bb50px||||false|false\u00bb global_colors_info=\u00bb{}\u00bb theme_builder_area=\u00bbpost_content\u00bb][et_pb_text _builder_version=\u00bb4.16&#8243; global_colors_info=\u00bb{}\u00bb theme_builder_area=\u00bbpost_content\u00bb]<\/p>\n<p>El investigador Luis Seguessa es Presidente Fundador de Fundaci\u00f3n C\u00f3digos y posee m\u00e1s de 37 a\u00f1os de estudios sobre los fen\u00f3menos clim\u00e1ticos, habiendo realizado durante todos estos a\u00f1os numerosas investigaciones sobre la capa de ozono, la magnet\u00f3sfera, el derretimiento de los polos, el hidrato de metano, la energ\u00eda termo electromagn\u00e9tica y la ingenier\u00eda mec\u00e1nica.<\/p>\n<p>Luis Seguessa present\u00f3 en el 2008 cinco Teor\u00edas sobre la problem\u00e1tica global del Cambio Clim\u00e1tico. La Universidad de Columbia, la Sociedad Sismol\u00f3gica de USA, la Universidad de Michigan y la Universidad de Johns Hopkins llegaron a\u00f1os despu\u00e9s a conclusiones similares.<\/p>\n<p>Fundaci\u00f3n C\u00f3digos nace con la misi\u00f3n investigar, informar y difundir las verdaderas causas del cambio clim\u00e1tico y su soluci\u00f3n, promoviendo el cambio tecnol\u00f3gico, la educaci\u00f3n medio ambiental, la investigaci\u00f3n y un cambio de conciencia en el mundo.<\/p>\n<p>Para lograr esta misi\u00f3n, nuestras organizaci\u00f3n sin fines de lucro trabaja en las siguientes actividades:<\/p>\n<p>[\/et_pb_text][\/et_pb_column][et_pb_column type=\u00bb1_2&#8243; _builder_version=\u00bb4.16&#8243; global_colors_info=\u00bb{}\u00bb theme_builder_area=\u00bbpost_content\u00bb][et_pb_image src=\u00bbhttps:\/\/fundacioncodigos.org\/wp-content\/uploads\/2020\/04\/luis-seguessa-investigador.jpg\u00bb _builder_version=\u00bb4.16&#8243; global_colors_info=\u00bb{}\u00bb theme_builder_area=\u00bbpost_content\u00bb][\/et_pb_image][\/et_pb_column][\/et_pb_row][\/et_pb_section][et_pb_section fb_built=\u00bb1&#8243; _builder_version=\u00bb4.16&#8243; background_color=\u00bb#6FA456&#8243; global_colors_info=\u00bb{}\u00bb theme_builder_area=\u00bbpost_content\u00bb][et_pb_row column_structure=\u00bb1_3,1_3,1_3&#8243; _builder_version=\u00bb4.16&#8243; global_colors_info=\u00bb{}\u00bb theme_builder_area=\u00bbpost_content\u00bb][et_pb_column type=\u00bb1_3&#8243; _builder_version=\u00bb4.16&#8243; global_colors_info=\u00bb{}\u00bb theme_builder_area=\u00bbpost_content\u00bb][et_pb_blurb title=\u00bbConferencias\u00bb use_icon=\u00bbon\u00bb font_icon=\u00bbagsdix-null||divi||400&#8243; icon_color=\u00bb#ffffff\u00bb _builder_version=\u00bb4.16&#8243; text_orientation=\u00bbcenter\u00bb background_layout=\u00bbdark\u00bb global_colors_info=\u00bb{}\u00bb theme_builder_area=\u00bbpost_content\u00bb][\/et_pb_blurb][\/et_pb_column][et_pb_column type=\u00bb1_3&#8243; _builder_version=\u00bb4.16&#8243; global_colors_info=\u00bb{}\u00bb theme_builder_area=\u00bbpost_content\u00bb][et_pb_blurb title=\u00bbPrograma radial\u00bb use_icon=\u00bbon\u00bb font_icon=\u00bb&#xe07f;||divi||400&#8243; icon_color=\u00bb#ffffff\u00bb _builder_version=\u00bb4.16&#8243; text_orientation=\u00bbcenter\u00bb background_layout=\u00bbdark\u00bb global_colors_info=\u00bb{}\u00bb theme_builder_area=\u00bbpost_content\u00bb][\/et_pb_blurb][\/et_pb_column][et_pb_column type=\u00bb1_3&#8243; _builder_version=\u00bb4.16&#8243; global_colors_info=\u00bb{}\u00bb theme_builder_area=\u00bbpost_content\u00bb][et_pb_blurb title=\u00bbPrograma de TV\u00bb use_icon=\u00bbon\u00bb font_icon=\u00bbagsdix-null||divi||400&#8243; icon_color=\u00bb#ffffff\u00bb _builder_version=\u00bb4.16&#8243; text_orientation=\u00bbcenter\u00bb background_layout=\u00bbdark\u00bb global_colors_info=\u00bb{}\u00bb theme_builder_area=\u00bbpost_content\u00bb][\/et_pb_blurb][\/et_pb_column][\/et_pb_row][\/et_pb_section][et_pb_section fb_built=\u00bb1&#8243; _builder_version=\u00bb4.27.5&#8243; background_color=\u00bb#000000&#8243; hover_enabled=\u00bb0&#8243; global_colors_info=\u00bb{}\u00bb theme_builder_area=\u00bbpost_content\u00bb disabled_on=\u00bbon|on|on\u00bb disabled=\u00bbon\u00bb sticky_enabled=\u00bb0&#8243;][et_pb_row _builder_version=\u00bb4.16&#8243; custom_padding=\u00bb0px||0px|||\u00bb global_colors_info=\u00bb{}\u00bb theme_builder_area=\u00bbpost_content\u00bb][et_pb_column type=\u00bb4_4&#8243; _builder_version=\u00bb4.16&#8243; global_colors_info=\u00bb{}\u00bb theme_builder_area=\u00bbpost_content\u00bb][et_pb_cta title=\u00bbGaler\u00eda de Fotos\u00bb button_url=\u00bb#\u00bb button_text=\u00bbM\u00e1s informaci\u00f3n\u00bb _builder_version=\u00bb4.16&#8243; background_enable_color=\u00bboff\u00bb global_colors_info=\u00bb{}\u00bb theme_builder_area=\u00bbpost_content\u00bb]<\/p>\n<p>Consulta la galer\u00eda de fotos de eventos y actividades en las que ha participado la Fundaci\u00f3n<\/p>\n<p>[\/et_pb_cta][\/et_pb_column][\/et_pb_row][\/et_pb_section][et_pb_section fb_built=\u00bb1&#8243; disabled_on=\u00bboff|off|off\u00bb _builder_version=\u00bb4.27.5&#8243; custom_padding=\u00bb80px||0px||false|false\u00bb global_colors_info=\u00bb{}\u00bb theme_builder_area=\u00bbpost_content\u00bb min_height=\u00bb740.6px\u00bb custom_margin=\u00bb||-82px|||\u00bb][et_pb_row _builder_version=\u00bb4.16&#8243; custom_padding=\u00bb0px||30px|||\u00bb global_colors_info=\u00bb{}\u00bb theme_builder_area=\u00bbpost_content\u00bb][et_pb_column type=\u00bb4_4&#8243; _builder_version=\u00bb4.16&#8243; global_colors_info=\u00bb{}\u00bb theme_builder_area=\u00bbpost_content\u00bb][et_pb_text _builder_version=\u00bb4.16&#8243; text_orientation=\u00bbcenter\u00bb module_alignment=\u00bbcenter\u00bb global_colors_info=\u00bb{}\u00bb theme_builder_area=\u00bbpost_content\u00bb]<\/p>\n<h2>Prensa<\/h2>\n<p>[\/et_pb_text][\/et_pb_column][\/et_pb_row][et_pb_row _builder_version=\u00bb4.16&#8243; width=\u00bb100%\u00bb max_width=\u00bb100%\u00bb custom_padding=\u00bb0px||0px|||\u00bb global_colors_info=\u00bb{}\u00bb theme_builder_area=\u00bbpost_content\u00bb][et_pb_column type=\u00bb4_4&#8243; _builder_version=\u00bb4.16&#8243; global_colors_info=\u00bb{}\u00bb theme_builder_area=\u00bbpost_content\u00bb][dgbc_blog_carousel posts_number=\u00bb60&#8243; type=\u00bb3&#8243; include_categories=\u00bb1&#8243; show_excerpt=\u00bboff\u00bb show_author=\u00bboff\u00bb show_date=\u00bboff\u00bb show_more=\u00bbon\u00bb read_more_text=\u00bbLeer m\u00e1s\u00bb show_items_xlarge=\u00bb6&#8243; show_items_desktop=\u00bb4&#8243; multislide=\u00bbon\u00bb item_spacing=\u00bb28&#8243; transition_duration=\u00bb1500&#8243; arrow_nav=\u00bbon\u00bb dot_nav=\u00bbon\u00bb loop=\u00bbon\u00bb autoplay=\u00bbon\u00bb hoverpause=\u00bbon\u00bb equal_height=\u00bbon\u00bb image_size=\u00bbmid\u00bb button_at_bottom=\u00bbon\u00bb use_button_icon=\u00bbon\u00bb button_icon=\u00bb%%28%%\u00bb button_bg_color=\u00bb#6EA358&#8243; arrow_color=\u00bb#ffffff\u00bb arrow_background_color=\u00bb#000000&#8243; arrow_position=\u00bb1&#8243; arrow_font_size=\u00bb35px\u00bb inner_container_padding=\u00bb|50px||50px|false|false\u00bb content_padding=\u00bb25px|25px|25px|25px|false|false\u00bb button_padding=\u00bb|15px||15px|false|false\u00bb overlay=\u00bbon\u00bb overlay_color=\u00bbrgba(0,0,0,0.55)\u00bb overlay_icon_color=\u00bbrgba(142,142,142,0)\u00bb _builder_version=\u00bb4.16&#8243; header_level=\u00bbh3&#8243; header_font=\u00bb|600|||||||\u00bb header_font_size=\u00bb16px\u00bb header_line_height=\u00bb1.3em\u00bb read_more_text_align=\u00bbcenter\u00bb read_more_text_color=\u00bb#ffffff\u00bb border_radii_read_more=\u00bbon|30px|30px|30px|30px\u00bb border_color_all_read_more=\u00bb#6EA358&#8243; box_shadow_style=\u00bbpreset1&#8243; global_colors_info=\u00bb{}\u00bb theme_builder_area=\u00bbpost_content\u00bb][\/dgbc_blog_carousel][\/et_pb_column][\/et_pb_row][\/et_pb_section]<\/p>\n","protected":false},"excerpt":{"rendered":"<p>El investigador Luis Seguessa es Presidente Fundador de Fundaci\u00f3n C\u00f3digos y posee m\u00e1s de 37 a\u00f1os de estudios sobre los fen\u00f3menos clim\u00e1ticos, habiendo realizado durante todos estos a\u00f1os numerosas investigaciones sobre la capa de ozono, la magnet\u00f3sfera, el derretimiento de los polos, el hidrato de metano, la energ\u00eda termo electromagn\u00e9tica y la ingenier\u00eda mec\u00e1nica. Luis [&hellip;]<\/p>\n","protected":false},"author":5,"featured_media":10689,"parent":0,"menu_order":0,"comment_status":"closed","ping_status":"closed","template":"","meta":{"give_campaign_id":0,"_et_pb_use_builder":"on","_et_pb_old_content":"","_et_gb_content_width":"","footnotes":""},"class_list":["post-155","page","type-page","status-publish","has-post-thumbnail","hentry"],"campaignId":"","_links":{"self":[{"href":"https:\/\/fundacioncodigos.org\/en\/wp-json\/wp\/v2\/pages\/155","targetHints":{"allow":["GET"]}}],"collection":[{"href":"https:\/\/fundacioncodigos.org\/en\/wp-json\/wp\/v2\/pages"}],"about":[{"href":"https:\/\/fundacioncodigos.org\/en\/wp-json\/wp\/v2\/types\/page"}],"author":[{"embeddable":true,"href":"https:\/\/fundacioncodigos.org\/en\/wp-json\/wp\/v2\/users\/5"}],"replies":[{"embeddable":true,"href":"https:\/\/fundacioncodigos.org\/en\/wp-json\/wp\/v2\/comments?post=155"}],"version-history":[{"count":8,"href":"https:\/\/fundacioncodigos.org\/en\/wp-json\/wp\/v2\/pages\/155\/revisions"}],"predecessor-version":[{"id":16309,"href":"https:\/\/fundacioncodigos.org\/en\/wp-json\/wp\/v2\/pages\/155\/revisions\/16309"}],"wp:featuredmedia":[{"embeddable":true,"href":"https:\/\/fundacioncodigos.org\/en\/wp-json\/wp\/v2\/media\/10689"}],"wp:attachment":[{"href":"https:\/\/fundacioncodigos.org\/en\/wp-json\/wp\/v2\/media?parent=155"}],"curies":[{"name":"wp","href":"https:\/\/api.w.org\/{rel}","templated":true}]}}