{"id":10433,"date":"2021-01-08T11:43:34","date_gmt":"2021-01-08T11:43:34","guid":{"rendered":"https:\/\/fundacioncodigos.org\/?page_id=10433"},"modified":"2021-01-08T23:50:06","modified_gmt":"2021-01-08T23:50:06","slug":"video-tutoriales-divi","status":"publish","type":"page","link":"https:\/\/fundacioncodigos.org\/en\/video-tutoriales-divi\/","title":{"rendered":"Video tutoriales DIVI"},"content":{"rendered":"\n[et_pb_section fb_built=\u00bb1&#8243; fullwidth=\u00bbon\u00bb _builder_version=\u00bb4.7.7&#8243; _module_preset=\u00bbdefault\u00bb background_color=\u00bb#000000&#8243; min_height=\u00bb50vh\u00bb][et_pb_fullwidth_post_title meta=\u00bboff\u00bb featured_image=\u00bboff\u00bb text_color=\u00bblight\u00bb _builder_version=\u00bb4.7.7&#8243; _module_preset=\u00bbdefault\u00bb title_font_size=\u00bb50px\u00bb text_orientation=\u00bbcenter\u00bb][\/et_pb_fullwidth_post_title][\/et_pb_section][et_pb_section fb_built=\u00bb1&#8243; _builder_version=\u00bb4.7.7&#8243; _module_preset=\u00bbdefault\u00bb][et_pb_row column_structure=\u00bb1_2,1_2&#8243; _builder_version=\u00bb4.7.7&#8243; _module_preset=\u00bbdefault\u00bb][et_pb_column type=\u00bb1_2&#8243; _builder_version=\u00bb4.7.7&#8243; _module_preset=\u00bbdefault\u00bb][et_pb_text _builder_version=\u00bb4.7.7&#8243; _module_preset=\u00bbdefault\u00bb text_orientation=\u00bbcenter\u00bb]<h2>Introducci\u00f3n a DIVI<\/h2>[\/et_pb_text][et_pb_video src=\u00bbhttps:\/\/youtu.be\/iqmJAX6rrYk\u00bb image_src=\u00bb\/\/i.ytimg.com\/vi\/iqmJAX6rrYk\/hqdefault.jpg\u00bb thumbnail_overlay_color=\u00bbrgba(0,0,0,0.6)\u00bb _builder_version=\u00bb4.7.7&#8243; _module_preset=\u00bbdefault\u00bb hover_enabled=\u00bb0&#8243; sticky_enabled=\u00bb0&#8243;][\/et_pb_video][\/et_pb_column][et_pb_column type=\u00bb1_2&#8243; _builder_version=\u00bb4.7.7&#8243; _module_preset=\u00bbdefault\u00bb][et_pb_text _builder_version=\u00bb4.7.7&#8243; _module_preset=\u00bbdefault\u00bb text_orientation=\u00bbcenter\u00bb hover_enabled=\u00bb0&#8243; sticky_enabled=\u00bb0&#8243;]<h2>Edici\u00f3n p\u00e1gina de Inicio y sus elementos<\/h2>[\/et_pb_text][et_pb_video src=\u00bbhttps:\/\/youtu.be\/h48WDwOexl4&#8243; image_src=\u00bb\/\/i.ytimg.com\/vi\/h48WDwOexl4\/hqdefault.jpg\u00bb thumbnail_overlay_color=\u00bbrgba(0,0,0,0.6)\u00bb _builder_version=\u00bb4.7.7&#8243; _module_preset=\u00bbdefault\u00bb hover_enabled=\u00bb0&#8243; sticky_enabled=\u00bb0&#8243;][\/et_pb_video][\/et_pb_column][\/et_pb_row][\/et_pb_section]\n","protected":false},"excerpt":{"rendered":"<p>Introducci\u00f3n a DIVIEdici\u00f3n p\u00e1gina de Inicio y sus elementos<\/p>","protected":false},"author":5,"featured_media":0,"parent":0,"menu_order":0,"comment_status":"closed","ping_status":"closed","template":"","meta":{"give_campaign_id":0,"_et_pb_use_builder":"on","_et_pb_old_content":"","_et_gb_content_width":"","footnotes":""},"class_list":["post-10433","page","type-page","status-publish","hentry"],"campaignId":"","_links":{"self":[{"href":"https:\/\/fundacioncodigos.org\/en\/wp-json\/wp\/v2\/pages\/10433","targetHints":{"allow":["GET"]}}],"collection":[{"href":"https:\/\/fundacioncodigos.org\/en\/wp-json\/wp\/v2\/pages"}],"about":[{"href":"https:\/\/fundacioncodigos.org\/en\/wp-json\/wp\/v2\/types\/page"}],"author":[{"embeddable":true,"href":"https:\/\/fundacioncodigos.org\/en\/wp-json\/wp\/v2\/users\/5"}],"replies":[{"embeddable":true,"href":"https:\/\/fundacioncodigos.org\/en\/wp-json\/wp\/v2\/comments?post=10433"}],"version-history":[{"count":4,"href":"https:\/\/fundacioncodigos.org\/en\/wp-json\/wp\/v2\/pages\/10433\/revisions"}],"predecessor-version":[{"id":10442,"href":"https:\/\/fundacioncodigos.org\/en\/wp-json\/wp\/v2\/pages\/10433\/revisions\/10442"}],"wp:attachment":[{"href":"https:\/\/fundacioncodigos.org\/en\/wp-json\/wp\/v2\/media?parent=10433"}],"curies":[{"name":"wp","href":"https:\/\/api.w.org\/{rel}","templated":true}]}}